{"id":112,"date":"2015-03-31T15:36:23","date_gmt":"2015-03-31T13:36:23","guid":{"rendered":"https:\/\/www.sideralrefrattari.it\/?page_id=112"},"modified":"2015-05-13T19:45:49","modified_gmt":"2015-05-13T17:45:49","slug":"produkte","status":"publish","type":"page","link":"https:\/\/www.sideralrefrattari.it\/de\/produkte\/","title":{"rendered":"Produkte"},"content":{"rendered":"<p><strong>Sideral<\/strong> hat f\u00fcr jede <strong>kundenspezifische<\/strong> Anforderung im Bereich der feuerfesten Stoffe f\u00fcr die Gusseisenindustrie die richtige L\u00f6sung und ber\u00fccksichtigt die Eigenschaften der Metallgeh\u00e4use und optimiert die Formate. Durch den Einsatz verschiedenen Rohstoffe und Formeln werden verschiedene Produktlinien mit unterschiedlichen chemisch-physikalischen Eigenschaften bereitgestellt, die alle Anforderungen der Eisen- und Stahlindustrie erf\u00fcllen.<\/p>\n","protected":false},"excerpt":{"rendered":"<p>Sideral hat f\u00fcr jede kundenspezifische Anforderung im Bereich der feuerfesten Stoffe f\u00fcr die Gusseisenindustrie die richtige L\u00f6sung und ber\u00fccksichtigt die Eigenschaften der Metallgeh\u00e4use und optimiert die Formate. Durch den Einsatz verschiedenen Rohstoffe und Formeln werden verschiedene Produktlinien mit unterschiedlichen chemisch-physikalischen Eigenschaften bereitgestellt, die alle Anforderungen der Eisen- und Stahlindustrie erf\u00fcllen.<\/p>\n","protected":false},"author":1,"featured_media":348,"parent":0,"menu_order":0,"comment_status":"open","ping_status":"open","template":"page-template-products.php","meta":{"footnotes":""},"class_list":["post-112","page","type-page","status-publish","has-post-thumbnail","hentry"],"yoast_head":"<!-- This site is optimized with the Yoast SEO plugin v27.6 - https:\/\/yoast.com\/product\/yoast-seo-wordpress\/ -->\n<title>Produkte - Sideral Refrattari<\/title>\n<meta name=\"robots\" content=\"index, follow, max-snippet:-1, max-image-preview:large, max-video-preview:-1\" \/>\n<link rel=\"canonical\" href=\"https:\/\/www.sideralrefrattari.it\/de\/produkte\/\" \/>\n<meta property=\"og:locale\" content=\"de_DE\" \/>\n<meta property=\"og:type\" content=\"article\" \/>\n<meta property=\"og:title\" content=\"Produkte - Sideral Refrattari\" \/>\n<meta property=\"og:description\" content=\"Sideral hat f\u00fcr jede kundenspezifische Anforderung im Bereich der feuerfesten Stoffe f\u00fcr die Gusseisenindustrie die richtige L\u00f6sung und ber\u00fccksichtigt die Eigenschaften der Metallgeh\u00e4use und optimiert die Formate. Durch den Einsatz verschiedenen Rohstoffe und Formeln werden verschiedene Produktlinien mit unterschiedlichen chemisch-physikalischen Eigenschaften bereitgestellt, die alle Anforderungen der Eisen- und Stahlindustrie erf\u00fcllen.\" \/>\n<meta property=\"og:url\" content=\"https:\/\/www.sideralrefrattari.it\/de\/produkte\/\" \/>\n<meta property=\"og:site_name\" content=\"Sideral Refrattari\" \/>\n<meta property=\"article:publisher\" content=\"https:\/\/www.facebook.com\/pages\/Sideral-Refrattari-Srl\/251319765070849\" \/>\n<meta property=\"article:modified_time\" content=\"2015-05-13T17:45:49+00:00\" \/>\n<meta property=\"og:image\" content=\"https:\/\/www.sideralrefrattari.it\/wp-content\/uploads\/2015\/03\/company_header_img1.jpg\" \/>\n\t<meta property=\"og:image:width\" content=\"2240\" \/>\n\t<meta property=\"og:image:height\" content=\"630\" \/>\n\t<meta property=\"og:image:type\" content=\"image\/jpeg\" \/>\n<script type=\"application\/ld+json\" class=\"yoast-schema-graph\">{\"@context\":\"https:\\\/\\\/schema.org\",\"@graph\":[{\"@type\":\"WebPage\",\"@id\":\"https:\\\/\\\/www.sideralrefrattari.it\\\/de\\\/produkte\\\/\",\"url\":\"https:\\\/\\\/www.sideralrefrattari.it\\\/de\\\/produkte\\\/\",\"name\":\"Produkte - Sideral Refrattari\",\"isPartOf\":{\"@id\":\"https:\\\/\\\/www.sideralrefrattari.it\\\/#website\"},\"primaryImageOfPage\":{\"@id\":\"https:\\\/\\\/www.sideralrefrattari.it\\\/de\\\/produkte\\\/#primaryimage\"},\"image\":{\"@id\":\"https:\\\/\\\/www.sideralrefrattari.it\\\/de\\\/produkte\\\/#primaryimage\"},\"thumbnailUrl\":\"https:\\\/\\\/www.sideralrefrattari.it\\\/wp-content\\\/uploads\\\/2015\\\/03\\\/company_header_img1.jpg\",\"datePublished\":\"2015-03-31T13:36:23+00:00\",\"dateModified\":\"2015-05-13T17:45:49+00:00\",\"breadcrumb\":{\"@id\":\"https:\\\/\\\/www.sideralrefrattari.it\\\/de\\\/produkte\\\/#breadcrumb\"},\"inLanguage\":\"de\",\"potentialAction\":[{\"@type\":\"ReadAction\",\"target\":[\"https:\\\/\\\/www.sideralrefrattari.it\\\/de\\\/produkte\\\/\"]}]},{\"@type\":\"ImageObject\",\"inLanguage\":\"de\",\"@id\":\"https:\\\/\\\/www.sideralrefrattari.it\\\/de\\\/produkte\\\/#primaryimage\",\"url\":\"https:\\\/\\\/www.sideralrefrattari.it\\\/wp-content\\\/uploads\\\/2015\\\/03\\\/company_header_img1.jpg\",\"contentUrl\":\"https:\\\/\\\/www.sideralrefrattari.it\\\/wp-content\\\/uploads\\\/2015\\\/03\\\/company_header_img1.jpg\",\"width\":2240,\"height\":630},{\"@type\":\"BreadcrumbList\",\"@id\":\"https:\\\/\\\/www.sideralrefrattari.it\\\/de\\\/produkte\\\/#breadcrumb\",\"itemListElement\":[{\"@type\":\"ListItem\",\"position\":1,\"name\":\"Home\",\"item\":\"https:\\\/\\\/www.sideralrefrattari.it\\\/de\\\/home-page-4\\\/\"},{\"@type\":\"ListItem\",\"position\":2,\"name\":\"Produkte\"}]},{\"@type\":\"WebSite\",\"@id\":\"https:\\\/\\\/www.sideralrefrattari.it\\\/#website\",\"url\":\"https:\\\/\\\/www.sideralrefrattari.it\\\/\",\"name\":\"Sideral Refrattari\",\"description\":\"Refrattari per l\u2019industria siderurgica\",\"publisher\":{\"@id\":\"https:\\\/\\\/www.sideralrefrattari.it\\\/#organization\"},\"potentialAction\":[{\"@type\":\"SearchAction\",\"target\":{\"@type\":\"EntryPoint\",\"urlTemplate\":\"https:\\\/\\\/www.sideralrefrattari.it\\\/?s={search_term_string}\"},\"query-input\":{\"@type\":\"PropertyValueSpecification\",\"valueRequired\":true,\"valueName\":\"search_term_string\"}}],\"inLanguage\":\"de\"},{\"@type\":\"Organization\",\"@id\":\"https:\\\/\\\/www.sideralrefrattari.it\\\/#organization\",\"name\":\"Sideral Refrattari\",\"url\":\"https:\\\/\\\/www.sideralrefrattari.it\\\/\",\"logo\":{\"@type\":\"ImageObject\",\"inLanguage\":\"de\",\"@id\":\"https:\\\/\\\/www.sideralrefrattari.it\\\/#\\\/schema\\\/logo\\\/image\\\/\",\"url\":\"https:\\\/\\\/www.sideralrefrattari.it\\\/wp-content\\\/uploads\\\/2026\\\/03\\\/sideral_logo.png\",\"contentUrl\":\"https:\\\/\\\/www.sideralrefrattari.it\\\/wp-content\\\/uploads\\\/2026\\\/03\\\/sideral_logo.png\",\"width\":370,\"height\":65,\"caption\":\"Sideral Refrattari\"},\"image\":{\"@id\":\"https:\\\/\\\/www.sideralrefrattari.it\\\/#\\\/schema\\\/logo\\\/image\\\/\"},\"sameAs\":[\"https:\\\/\\\/www.facebook.com\\\/pages\\\/Sideral-Refrattari-Srl\\\/251319765070849\",\"https:\\\/\\\/www.linkedin.com\\\/profile\\\/view?id=188647305\"]}]}<\/script>\n<!-- \/ Yoast SEO plugin. -->","yoast_head_json":{"title":"Produkte - Sideral Refrattari","robots":{"index":"index","follow":"follow","max-snippet":"max-snippet:-1","max-image-preview":"max-image-preview:large","max-video-preview":"max-video-preview:-1"},"canonical":"https:\/\/www.sideralrefrattari.it\/de\/produkte\/","og_locale":"de_DE","og_type":"article","og_title":"Produkte - Sideral Refrattari","og_description":"Sideral hat f\u00fcr jede kundenspezifische Anforderung im Bereich der feuerfesten Stoffe f\u00fcr die Gusseisenindustrie die richtige L\u00f6sung und ber\u00fccksichtigt die Eigenschaften der Metallgeh\u00e4use und optimiert die Formate. Durch den Einsatz verschiedenen Rohstoffe und Formeln werden verschiedene Produktlinien mit unterschiedlichen chemisch-physikalischen Eigenschaften bereitgestellt, die alle Anforderungen der Eisen- und Stahlindustrie erf\u00fcllen.","og_url":"https:\/\/www.sideralrefrattari.it\/de\/produkte\/","og_site_name":"Sideral Refrattari","article_publisher":"https:\/\/www.facebook.com\/pages\/Sideral-Refrattari-Srl\/251319765070849","article_modified_time":"2015-05-13T17:45:49+00:00","og_image":[{"width":2240,"height":630,"url":"https:\/\/www.sideralrefrattari.it\/wp-content\/uploads\/2015\/03\/company_header_img1.jpg","type":"image\/jpeg"}],"schema":{"@context":"https:\/\/schema.org","@graph":[{"@type":"WebPage","@id":"https:\/\/www.sideralrefrattari.it\/de\/produkte\/","url":"https:\/\/www.sideralrefrattari.it\/de\/produkte\/","name":"Produkte - Sideral Refrattari","isPartOf":{"@id":"https:\/\/www.sideralrefrattari.it\/#website"},"primaryImageOfPage":{"@id":"https:\/\/www.sideralrefrattari.it\/de\/produkte\/#primaryimage"},"image":{"@id":"https:\/\/www.sideralrefrattari.it\/de\/produkte\/#primaryimage"},"thumbnailUrl":"https:\/\/www.sideralrefrattari.it\/wp-content\/uploads\/2015\/03\/company_header_img1.jpg","datePublished":"2015-03-31T13:36:23+00:00","dateModified":"2015-05-13T17:45:49+00:00","breadcrumb":{"@id":"https:\/\/www.sideralrefrattari.it\/de\/produkte\/#breadcrumb"},"inLanguage":"de","potentialAction":[{"@type":"ReadAction","target":["https:\/\/www.sideralrefrattari.it\/de\/produkte\/"]}]},{"@type":"ImageObject","inLanguage":"de","@id":"https:\/\/www.sideralrefrattari.it\/de\/produkte\/#primaryimage","url":"https:\/\/www.sideralrefrattari.it\/wp-content\/uploads\/2015\/03\/company_header_img1.jpg","contentUrl":"https:\/\/www.sideralrefrattari.it\/wp-content\/uploads\/2015\/03\/company_header_img1.jpg","width":2240,"height":630},{"@type":"BreadcrumbList","@id":"https:\/\/www.sideralrefrattari.it\/de\/produkte\/#breadcrumb","itemListElement":[{"@type":"ListItem","position":1,"name":"Home","item":"https:\/\/www.sideralrefrattari.it\/de\/home-page-4\/"},{"@type":"ListItem","position":2,"name":"Produkte"}]},{"@type":"WebSite","@id":"https:\/\/www.sideralrefrattari.it\/#website","url":"https:\/\/www.sideralrefrattari.it\/","name":"Sideral Refrattari","description":"Refrattari per l\u2019industria siderurgica","publisher":{"@id":"https:\/\/www.sideralrefrattari.it\/#organization"},"potentialAction":[{"@type":"SearchAction","target":{"@type":"EntryPoint","urlTemplate":"https:\/\/www.sideralrefrattari.it\/?s={search_term_string}"},"query-input":{"@type":"PropertyValueSpecification","valueRequired":true,"valueName":"search_term_string"}}],"inLanguage":"de"},{"@type":"Organization","@id":"https:\/\/www.sideralrefrattari.it\/#organization","name":"Sideral Refrattari","url":"https:\/\/www.sideralrefrattari.it\/","logo":{"@type":"ImageObject","inLanguage":"de","@id":"https:\/\/www.sideralrefrattari.it\/#\/schema\/logo\/image\/","url":"https:\/\/www.sideralrefrattari.it\/wp-content\/uploads\/2026\/03\/sideral_logo.png","contentUrl":"https:\/\/www.sideralrefrattari.it\/wp-content\/uploads\/2026\/03\/sideral_logo.png","width":370,"height":65,"caption":"Sideral Refrattari"},"image":{"@id":"https:\/\/www.sideralrefrattari.it\/#\/schema\/logo\/image\/"},"sameAs":["https:\/\/www.facebook.com\/pages\/Sideral-Refrattari-Srl\/251319765070849","https:\/\/www.linkedin.com\/profile\/view?id=188647305"]}]}},"_links":{"self":[{"href":"https:\/\/www.sideralrefrattari.it\/de\/wp-json\/wp\/v2\/pages\/112","targetHints":{"allow":["GET"]}}],"collection":[{"href":"https:\/\/www.sideralrefrattari.it\/de\/wp-json\/wp\/v2\/pages"}],"about":[{"href":"https:\/\/www.sideralrefrattari.it\/de\/wp-json\/wp\/v2\/types\/page"}],"author":[{"embeddable":true,"href":"https:\/\/www.sideralrefrattari.it\/de\/wp-json\/wp\/v2\/users\/1"}],"replies":[{"embeddable":true,"href":"https:\/\/www.sideralrefrattari.it\/de\/wp-json\/wp\/v2\/comments?post=112"}],"version-history":[{"count":4,"href":"https:\/\/www.sideralrefrattari.it\/de\/wp-json\/wp\/v2\/pages\/112\/revisions"}],"predecessor-version":[{"id":596,"href":"https:\/\/www.sideralrefrattari.it\/de\/wp-json\/wp\/v2\/pages\/112\/revisions\/596"}],"wp:featuredmedia":[{"embeddable":true,"href":"https:\/\/www.sideralrefrattari.it\/de\/wp-json\/wp\/v2\/media\/348"}],"wp:attachment":[{"href":"https:\/\/www.sideralrefrattari.it\/de\/wp-json\/wp\/v2\/media?parent=112"}],"curies":[{"name":"wp","href":"https:\/\/api.w.org\/{rel}","templated":true}]}}