{"id":116,"date":"2015-03-31T15:37:30","date_gmt":"2015-03-31T13:37:30","guid":{"rendered":"https:\/\/www.sideralrefrattari.it\/?page_id=116"},"modified":"2015-05-05T14:43:10","modified_gmt":"2015-05-05T12:43:10","slug":"produktion","status":"publish","type":"page","link":"https:\/\/www.sideralrefrattari.it\/de\/produktion\/","title":{"rendered":"Produktion"},"content":{"rendered":"<p>Der Einsatz von auserlesenen Rohstoffen, der kontrollierte und elektronisch monitorgesteuerte Produktionsprozess sowie die Nachverfolgbarkeit der Auftr\u00e4ge erm\u00f6glichen die Produktion von feuerfestem Material mit sehr hohen Qualit\u00e4tsstandards. Jeder Phase des Produktionszyklus sind jeweils zwei Linien zugeordnet, damit der Kunde auch bei unvorhergesehenen Produktionsanh\u00e4ufungen und programmierten Wartungsarbeiten nicht auf einen schnellen Service verzichten muss. Alle Produkte von Sideral werden ausschlie\u00dflich in Italien im eigenen Werk hergestellt. Das Werk erf\u00fcllt alle Anforderungen der <strong>Sicherheitsvorgaben<\/strong> und ist mit allen Anlagen zur Emissionsreduzierung entsprechend der geltenden Umweltschutznormen ausger\u00fcstet. Der Produktionsprozess von Sideral Refrattari wurde vom T\u00dcV-Zertifikationsausschuss als im Sinne von <strong>ISO 9001:2008<\/strong> den Qualit\u00e4tsstandards entsprechend bewertet.<\/p>\n","protected":false},"excerpt":{"rendered":"<p>Der Einsatz von auserlesenen Rohstoffen, der kontrollierte und elektronisch monitorgesteuerte Produktionsprozess sowie die Nachverfolgbarkeit der Auftr\u00e4ge erm\u00f6glichen die Produktion von feuerfestem Material mit sehr hohen Qualit\u00e4tsstandards. Jeder Phase des Produktionszyklus sind jeweils zwei Linien zugeordnet, damit der Kunde auch bei unvorhergesehenen Produktionsanh\u00e4ufungen und programmierten Wartungsarbeiten nicht auf einen schnellen Service verzichten muss. Alle Produkte von [&hellip;]<\/p>\n","protected":false},"author":1,"featured_media":210,"parent":0,"menu_order":0,"comment_status":"open","ping_status":"open","template":"page-template-production.php","meta":{"footnotes":""},"class_list":["post-116","page","type-page","status-publish","has-post-thumbnail","hentry"],"yoast_head":"<!-- This site is optimized with the Yoast SEO plugin v27.4 - https:\/\/yoast.com\/product\/yoast-seo-wordpress\/ -->\n<title>Produktion - Sideral Refrattari<\/title>\n<meta name=\"robots\" content=\"index, follow, max-snippet:-1, max-image-preview:large, max-video-preview:-1\" \/>\n<link rel=\"canonical\" href=\"https:\/\/www.sideralrefrattari.it\/de\/produktion\/\" \/>\n<meta property=\"og:locale\" content=\"de_DE\" \/>\n<meta property=\"og:type\" content=\"article\" \/>\n<meta property=\"og:title\" content=\"Produktion - Sideral Refrattari\" \/>\n<meta property=\"og:description\" content=\"Der Einsatz von auserlesenen Rohstoffen, der kontrollierte und elektronisch monitorgesteuerte Produktionsprozess sowie die Nachverfolgbarkeit der Auftr\u00e4ge erm\u00f6glichen die Produktion von feuerfestem Material mit sehr hohen Qualit\u00e4tsstandards. Jeder Phase des Produktionszyklus sind jeweils zwei Linien zugeordnet, damit der Kunde auch bei unvorhergesehenen Produktionsanh\u00e4ufungen und programmierten Wartungsarbeiten nicht auf einen schnellen Service verzichten muss. Alle Produkte von [&hellip;]\" \/>\n<meta property=\"og:url\" content=\"https:\/\/www.sideralrefrattari.it\/de\/produktion\/\" \/>\n<meta property=\"og:site_name\" content=\"Sideral Refrattari\" \/>\n<meta property=\"article:publisher\" content=\"https:\/\/www.facebook.com\/pages\/Sideral-Refrattari-Srl\/251319765070849\" \/>\n<meta property=\"article:modified_time\" content=\"2015-05-05T12:43:10+00:00\" \/>\n<meta property=\"og:image\" content=\"https:\/\/www.sideralrefrattari.it\/wp-content\/uploads\/2015\/03\/produzione_header_img.jpg\" \/>\n\t<meta property=\"og:image:width\" content=\"2560\" \/>\n\t<meta property=\"og:image:height\" content=\"800\" \/>\n\t<meta property=\"og:image:type\" content=\"image\/jpeg\" \/>\n<meta name=\"twitter:label1\" content=\"Gesch\u00e4tzte Lesezeit\" \/>\n\t<meta name=\"twitter:data1\" content=\"1\u00a0Minute\" \/>\n<script type=\"application\/ld+json\" class=\"yoast-schema-graph\">{\"@context\":\"https:\\\/\\\/schema.org\",\"@graph\":[{\"@type\":\"WebPage\",\"@id\":\"https:\\\/\\\/www.sideralrefrattari.it\\\/de\\\/produktion\\\/\",\"url\":\"https:\\\/\\\/www.sideralrefrattari.it\\\/de\\\/produktion\\\/\",\"name\":\"Produktion - Sideral Refrattari\",\"isPartOf\":{\"@id\":\"https:\\\/\\\/www.sideralrefrattari.it\\\/#website\"},\"primaryImageOfPage\":{\"@id\":\"https:\\\/\\\/www.sideralrefrattari.it\\\/de\\\/produktion\\\/#primaryimage\"},\"image\":{\"@id\":\"https:\\\/\\\/www.sideralrefrattari.it\\\/de\\\/produktion\\\/#primaryimage\"},\"thumbnailUrl\":\"https:\\\/\\\/www.sideralrefrattari.it\\\/wp-content\\\/uploads\\\/2015\\\/03\\\/produzione_header_img.jpg\",\"datePublished\":\"2015-03-31T13:37:30+00:00\",\"dateModified\":\"2015-05-05T12:43:10+00:00\",\"breadcrumb\":{\"@id\":\"https:\\\/\\\/www.sideralrefrattari.it\\\/de\\\/produktion\\\/#breadcrumb\"},\"inLanguage\":\"de\",\"potentialAction\":[{\"@type\":\"ReadAction\",\"target\":[\"https:\\\/\\\/www.sideralrefrattari.it\\\/de\\\/produktion\\\/\"]}]},{\"@type\":\"ImageObject\",\"inLanguage\":\"de\",\"@id\":\"https:\\\/\\\/www.sideralrefrattari.it\\\/de\\\/produktion\\\/#primaryimage\",\"url\":\"https:\\\/\\\/www.sideralrefrattari.it\\\/wp-content\\\/uploads\\\/2015\\\/03\\\/produzione_header_img.jpg\",\"contentUrl\":\"https:\\\/\\\/www.sideralrefrattari.it\\\/wp-content\\\/uploads\\\/2015\\\/03\\\/produzione_header_img.jpg\",\"width\":2560,\"height\":800},{\"@type\":\"BreadcrumbList\",\"@id\":\"https:\\\/\\\/www.sideralrefrattari.it\\\/de\\\/produktion\\\/#breadcrumb\",\"itemListElement\":[{\"@type\":\"ListItem\",\"position\":1,\"name\":\"Home\",\"item\":\"https:\\\/\\\/www.sideralrefrattari.it\\\/de\\\/home-page-4\\\/\"},{\"@type\":\"ListItem\",\"position\":2,\"name\":\"Produktion\"}]},{\"@type\":\"WebSite\",\"@id\":\"https:\\\/\\\/www.sideralrefrattari.it\\\/#website\",\"url\":\"https:\\\/\\\/www.sideralrefrattari.it\\\/\",\"name\":\"Sideral Refrattari\",\"description\":\"Refrattari per l\u2019industria siderurgica\",\"publisher\":{\"@id\":\"https:\\\/\\\/www.sideralrefrattari.it\\\/#organization\"},\"potentialAction\":[{\"@type\":\"SearchAction\",\"target\":{\"@type\":\"EntryPoint\",\"urlTemplate\":\"https:\\\/\\\/www.sideralrefrattari.it\\\/?s={search_term_string}\"},\"query-input\":{\"@type\":\"PropertyValueSpecification\",\"valueRequired\":true,\"valueName\":\"search_term_string\"}}],\"inLanguage\":\"de\"},{\"@type\":\"Organization\",\"@id\":\"https:\\\/\\\/www.sideralrefrattari.it\\\/#organization\",\"name\":\"Sideral Refrattari\",\"url\":\"https:\\\/\\\/www.sideralrefrattari.it\\\/\",\"logo\":{\"@type\":\"ImageObject\",\"inLanguage\":\"de\",\"@id\":\"https:\\\/\\\/www.sideralrefrattari.it\\\/#\\\/schema\\\/logo\\\/image\\\/\",\"url\":\"https:\\\/\\\/www.sideralrefrattari.it\\\/wp-content\\\/uploads\\\/2026\\\/03\\\/sideral_logo.png\",\"contentUrl\":\"https:\\\/\\\/www.sideralrefrattari.it\\\/wp-content\\\/uploads\\\/2026\\\/03\\\/sideral_logo.png\",\"width\":370,\"height\":65,\"caption\":\"Sideral Refrattari\"},\"image\":{\"@id\":\"https:\\\/\\\/www.sideralrefrattari.it\\\/#\\\/schema\\\/logo\\\/image\\\/\"},\"sameAs\":[\"https:\\\/\\\/www.facebook.com\\\/pages\\\/Sideral-Refrattari-Srl\\\/251319765070849\",\"https:\\\/\\\/www.linkedin.com\\\/profile\\\/view?id=188647305\"]}]}<\/script>\n<!-- \/ Yoast SEO plugin. -->","yoast_head_json":{"title":"Produktion - Sideral Refrattari","robots":{"index":"index","follow":"follow","max-snippet":"max-snippet:-1","max-image-preview":"max-image-preview:large","max-video-preview":"max-video-preview:-1"},"canonical":"https:\/\/www.sideralrefrattari.it\/de\/produktion\/","og_locale":"de_DE","og_type":"article","og_title":"Produktion - Sideral Refrattari","og_description":"Der Einsatz von auserlesenen Rohstoffen, der kontrollierte und elektronisch monitorgesteuerte Produktionsprozess sowie die Nachverfolgbarkeit der Auftr\u00e4ge erm\u00f6glichen die Produktion von feuerfestem Material mit sehr hohen Qualit\u00e4tsstandards. Jeder Phase des Produktionszyklus sind jeweils zwei Linien zugeordnet, damit der Kunde auch bei unvorhergesehenen Produktionsanh\u00e4ufungen und programmierten Wartungsarbeiten nicht auf einen schnellen Service verzichten muss. Alle Produkte von [&hellip;]","og_url":"https:\/\/www.sideralrefrattari.it\/de\/produktion\/","og_site_name":"Sideral Refrattari","article_publisher":"https:\/\/www.facebook.com\/pages\/Sideral-Refrattari-Srl\/251319765070849","article_modified_time":"2015-05-05T12:43:10+00:00","og_image":[{"width":2560,"height":800,"url":"https:\/\/www.sideralrefrattari.it\/wp-content\/uploads\/2015\/03\/produzione_header_img.jpg","type":"image\/jpeg"}],"twitter_misc":{"Gesch\u00e4tzte Lesezeit":"1\u00a0Minute"},"schema":{"@context":"https:\/\/schema.org","@graph":[{"@type":"WebPage","@id":"https:\/\/www.sideralrefrattari.it\/de\/produktion\/","url":"https:\/\/www.sideralrefrattari.it\/de\/produktion\/","name":"Produktion - Sideral Refrattari","isPartOf":{"@id":"https:\/\/www.sideralrefrattari.it\/#website"},"primaryImageOfPage":{"@id":"https:\/\/www.sideralrefrattari.it\/de\/produktion\/#primaryimage"},"image":{"@id":"https:\/\/www.sideralrefrattari.it\/de\/produktion\/#primaryimage"},"thumbnailUrl":"https:\/\/www.sideralrefrattari.it\/wp-content\/uploads\/2015\/03\/produzione_header_img.jpg","datePublished":"2015-03-31T13:37:30+00:00","dateModified":"2015-05-05T12:43:10+00:00","breadcrumb":{"@id":"https:\/\/www.sideralrefrattari.it\/de\/produktion\/#breadcrumb"},"inLanguage":"de","potentialAction":[{"@type":"ReadAction","target":["https:\/\/www.sideralrefrattari.it\/de\/produktion\/"]}]},{"@type":"ImageObject","inLanguage":"de","@id":"https:\/\/www.sideralrefrattari.it\/de\/produktion\/#primaryimage","url":"https:\/\/www.sideralrefrattari.it\/wp-content\/uploads\/2015\/03\/produzione_header_img.jpg","contentUrl":"https:\/\/www.sideralrefrattari.it\/wp-content\/uploads\/2015\/03\/produzione_header_img.jpg","width":2560,"height":800},{"@type":"BreadcrumbList","@id":"https:\/\/www.sideralrefrattari.it\/de\/produktion\/#breadcrumb","itemListElement":[{"@type":"ListItem","position":1,"name":"Home","item":"https:\/\/www.sideralrefrattari.it\/de\/home-page-4\/"},{"@type":"ListItem","position":2,"name":"Produktion"}]},{"@type":"WebSite","@id":"https:\/\/www.sideralrefrattari.it\/#website","url":"https:\/\/www.sideralrefrattari.it\/","name":"Sideral Refrattari","description":"Refrattari per l\u2019industria siderurgica","publisher":{"@id":"https:\/\/www.sideralrefrattari.it\/#organization"},"potentialAction":[{"@type":"SearchAction","target":{"@type":"EntryPoint","urlTemplate":"https:\/\/www.sideralrefrattari.it\/?s={search_term_string}"},"query-input":{"@type":"PropertyValueSpecification","valueRequired":true,"valueName":"search_term_string"}}],"inLanguage":"de"},{"@type":"Organization","@id":"https:\/\/www.sideralrefrattari.it\/#organization","name":"Sideral Refrattari","url":"https:\/\/www.sideralrefrattari.it\/","logo":{"@type":"ImageObject","inLanguage":"de","@id":"https:\/\/www.sideralrefrattari.it\/#\/schema\/logo\/image\/","url":"https:\/\/www.sideralrefrattari.it\/wp-content\/uploads\/2026\/03\/sideral_logo.png","contentUrl":"https:\/\/www.sideralrefrattari.it\/wp-content\/uploads\/2026\/03\/sideral_logo.png","width":370,"height":65,"caption":"Sideral Refrattari"},"image":{"@id":"https:\/\/www.sideralrefrattari.it\/#\/schema\/logo\/image\/"},"sameAs":["https:\/\/www.facebook.com\/pages\/Sideral-Refrattari-Srl\/251319765070849","https:\/\/www.linkedin.com\/profile\/view?id=188647305"]}]}},"_links":{"self":[{"href":"https:\/\/www.sideralrefrattari.it\/de\/wp-json\/wp\/v2\/pages\/116","targetHints":{"allow":["GET"]}}],"collection":[{"href":"https:\/\/www.sideralrefrattari.it\/de\/wp-json\/wp\/v2\/pages"}],"about":[{"href":"https:\/\/www.sideralrefrattari.it\/de\/wp-json\/wp\/v2\/types\/page"}],"author":[{"embeddable":true,"href":"https:\/\/www.sideralrefrattari.it\/de\/wp-json\/wp\/v2\/users\/1"}],"replies":[{"embeddable":true,"href":"https:\/\/www.sideralrefrattari.it\/de\/wp-json\/wp\/v2\/comments?post=116"}],"version-history":[{"count":2,"href":"https:\/\/www.sideralrefrattari.it\/de\/wp-json\/wp\/v2\/pages\/116\/revisions"}],"predecessor-version":[{"id":321,"href":"https:\/\/www.sideralrefrattari.it\/de\/wp-json\/wp\/v2\/pages\/116\/revisions\/321"}],"wp:featuredmedia":[{"embeddable":true,"href":"https:\/\/www.sideralrefrattari.it\/de\/wp-json\/wp\/v2\/media\/210"}],"wp:attachment":[{"href":"https:\/\/www.sideralrefrattari.it\/de\/wp-json\/wp\/v2\/media?parent=116"}],"curies":[{"name":"wp","href":"https:\/\/api.w.org\/{rel}","templated":true}]}}