{"id":230,"date":"2015-03-31T16:47:50","date_gmt":"2015-03-31T14:47:50","guid":{"rendered":"https:\/\/www.sideralrefrattari.it\/?page_id=230"},"modified":"2015-05-18T20:27:25","modified_gmt":"2015-05-18T18:27:25","slug":"service","status":"publish","type":"page","link":"https:\/\/www.sideralrefrattari.it\/de\/service\/","title":{"rendered":"Service"},"content":{"rendered":"<p>Sideral unterscheidet sich nicht nur durch die Qualit\u00e4t und die spezifischen Kompetenzen im eigenen Fachgebiet, sondern auch durch das Angebot eines spezifisch auf den Kunden ausgerichteten Services. Das Unternehmen arbeitet eng mit mechanischen Werkst\u00e4tten zusammen und produziert und schleift Gussformen nach Ma\u00df. Sideral ist somit nicht nur ein einfacher Lieferant, sondern ein zuverl\u00e4ssiger Partner f\u00fcr ihre Kunden. Die Firma Sideral begleitet ihre Kunden Schritt f\u00fcr Schritt vom Entwurf bis zu Realisierung der Bauteile des Ausgangsgussblocks und eventueller \u00c4nderungen und gew\u00e4hrleistet immer eine vollkommene Kundenzufriedenheit.<\/p>\n","protected":false},"excerpt":{"rendered":"<p>Sideral unterscheidet sich nicht nur durch die Qualit\u00e4t und die spezifischen Kompetenzen im eigenen Fachgebiet, sondern auch durch das Angebot eines spezifisch auf den Kunden ausgerichteten Services. Das Unternehmen arbeitet eng mit mechanischen Werkst\u00e4tten zusammen und produziert und schleift Gussformen nach Ma\u00df. Sideral ist somit nicht nur ein einfacher Lieferant, sondern ein zuverl\u00e4ssiger Partner f\u00fcr [&hellip;]<\/p>\n","protected":false},"author":1,"featured_media":141,"parent":0,"menu_order":0,"comment_status":"open","ping_status":"open","template":"page-template-services.php","meta":{"footnotes":""},"class_list":["post-230","page","type-page","status-publish","has-post-thumbnail","hentry"],"yoast_head":"<!-- This site is optimized with the Yoast SEO plugin v27.6 - https:\/\/yoast.com\/product\/yoast-seo-wordpress\/ -->\n<title>Service - Sideral Refrattari<\/title>\n<meta name=\"robots\" content=\"index, follow, max-snippet:-1, max-image-preview:large, max-video-preview:-1\" \/>\n<link rel=\"canonical\" href=\"https:\/\/www.sideralrefrattari.it\/de\/service\/\" \/>\n<meta property=\"og:locale\" content=\"de_DE\" \/>\n<meta property=\"og:type\" content=\"article\" \/>\n<meta property=\"og:title\" content=\"Service - Sideral Refrattari\" \/>\n<meta property=\"og:description\" content=\"Sideral unterscheidet sich nicht nur durch die Qualit\u00e4t und die spezifischen Kompetenzen im eigenen Fachgebiet, sondern auch durch das Angebot eines spezifisch auf den Kunden ausgerichteten Services. Das Unternehmen arbeitet eng mit mechanischen Werkst\u00e4tten zusammen und produziert und schleift Gussformen nach Ma\u00df. Sideral ist somit nicht nur ein einfacher Lieferant, sondern ein zuverl\u00e4ssiger Partner f\u00fcr [&hellip;]\" \/>\n<meta property=\"og:url\" content=\"https:\/\/www.sideralrefrattari.it\/de\/service\/\" \/>\n<meta property=\"og:site_name\" content=\"Sideral Refrattari\" \/>\n<meta property=\"article:publisher\" content=\"https:\/\/www.facebook.com\/pages\/Sideral-Refrattari-Srl\/251319765070849\" \/>\n<meta property=\"article:modified_time\" content=\"2015-05-18T18:27:25+00:00\" \/>\n<meta property=\"og:image\" content=\"https:\/\/www.sideralrefrattari.it\/wp-content\/uploads\/2015\/03\/services_header_img.jpg\" \/>\n\t<meta property=\"og:image:width\" content=\"1016\" \/>\n\t<meta property=\"og:image:height\" content=\"286\" \/>\n\t<meta property=\"og:image:type\" content=\"image\/jpeg\" \/>\n<script type=\"application\/ld+json\" class=\"yoast-schema-graph\">{\"@context\":\"https:\\\/\\\/schema.org\",\"@graph\":[{\"@type\":\"WebPage\",\"@id\":\"https:\\\/\\\/www.sideralrefrattari.it\\\/de\\\/service\\\/\",\"url\":\"https:\\\/\\\/www.sideralrefrattari.it\\\/de\\\/service\\\/\",\"name\":\"Service - Sideral Refrattari\",\"isPartOf\":{\"@id\":\"https:\\\/\\\/www.sideralrefrattari.it\\\/#website\"},\"primaryImageOfPage\":{\"@id\":\"https:\\\/\\\/www.sideralrefrattari.it\\\/de\\\/service\\\/#primaryimage\"},\"image\":{\"@id\":\"https:\\\/\\\/www.sideralrefrattari.it\\\/de\\\/service\\\/#primaryimage\"},\"thumbnailUrl\":\"https:\\\/\\\/www.sideralrefrattari.it\\\/wp-content\\\/uploads\\\/2015\\\/03\\\/services_header_img.jpg\",\"datePublished\":\"2015-03-31T14:47:50+00:00\",\"dateModified\":\"2015-05-18T18:27:25+00:00\",\"breadcrumb\":{\"@id\":\"https:\\\/\\\/www.sideralrefrattari.it\\\/de\\\/service\\\/#breadcrumb\"},\"inLanguage\":\"de\",\"potentialAction\":[{\"@type\":\"ReadAction\",\"target\":[\"https:\\\/\\\/www.sideralrefrattari.it\\\/de\\\/service\\\/\"]}]},{\"@type\":\"ImageObject\",\"inLanguage\":\"de\",\"@id\":\"https:\\\/\\\/www.sideralrefrattari.it\\\/de\\\/service\\\/#primaryimage\",\"url\":\"https:\\\/\\\/www.sideralrefrattari.it\\\/wp-content\\\/uploads\\\/2015\\\/03\\\/services_header_img.jpg\",\"contentUrl\":\"https:\\\/\\\/www.sideralrefrattari.it\\\/wp-content\\\/uploads\\\/2015\\\/03\\\/services_header_img.jpg\",\"width\":1016,\"height\":286},{\"@type\":\"BreadcrumbList\",\"@id\":\"https:\\\/\\\/www.sideralrefrattari.it\\\/de\\\/service\\\/#breadcrumb\",\"itemListElement\":[{\"@type\":\"ListItem\",\"position\":1,\"name\":\"Home\",\"item\":\"https:\\\/\\\/www.sideralrefrattari.it\\\/de\\\/home-page-4\\\/\"},{\"@type\":\"ListItem\",\"position\":2,\"name\":\"Service\"}]},{\"@type\":\"WebSite\",\"@id\":\"https:\\\/\\\/www.sideralrefrattari.it\\\/#website\",\"url\":\"https:\\\/\\\/www.sideralrefrattari.it\\\/\",\"name\":\"Sideral Refrattari\",\"description\":\"Refrattari per l\u2019industria siderurgica\",\"publisher\":{\"@id\":\"https:\\\/\\\/www.sideralrefrattari.it\\\/#organization\"},\"potentialAction\":[{\"@type\":\"SearchAction\",\"target\":{\"@type\":\"EntryPoint\",\"urlTemplate\":\"https:\\\/\\\/www.sideralrefrattari.it\\\/?s={search_term_string}\"},\"query-input\":{\"@type\":\"PropertyValueSpecification\",\"valueRequired\":true,\"valueName\":\"search_term_string\"}}],\"inLanguage\":\"de\"},{\"@type\":\"Organization\",\"@id\":\"https:\\\/\\\/www.sideralrefrattari.it\\\/#organization\",\"name\":\"Sideral Refrattari\",\"url\":\"https:\\\/\\\/www.sideralrefrattari.it\\\/\",\"logo\":{\"@type\":\"ImageObject\",\"inLanguage\":\"de\",\"@id\":\"https:\\\/\\\/www.sideralrefrattari.it\\\/#\\\/schema\\\/logo\\\/image\\\/\",\"url\":\"https:\\\/\\\/www.sideralrefrattari.it\\\/wp-content\\\/uploads\\\/2026\\\/03\\\/sideral_logo.png\",\"contentUrl\":\"https:\\\/\\\/www.sideralrefrattari.it\\\/wp-content\\\/uploads\\\/2026\\\/03\\\/sideral_logo.png\",\"width\":370,\"height\":65,\"caption\":\"Sideral Refrattari\"},\"image\":{\"@id\":\"https:\\\/\\\/www.sideralrefrattari.it\\\/#\\\/schema\\\/logo\\\/image\\\/\"},\"sameAs\":[\"https:\\\/\\\/www.facebook.com\\\/pages\\\/Sideral-Refrattari-Srl\\\/251319765070849\",\"https:\\\/\\\/www.linkedin.com\\\/profile\\\/view?id=188647305\"]}]}<\/script>\n<!-- \/ Yoast SEO plugin. -->","yoast_head_json":{"title":"Service - Sideral Refrattari","robots":{"index":"index","follow":"follow","max-snippet":"max-snippet:-1","max-image-preview":"max-image-preview:large","max-video-preview":"max-video-preview:-1"},"canonical":"https:\/\/www.sideralrefrattari.it\/de\/service\/","og_locale":"de_DE","og_type":"article","og_title":"Service - Sideral Refrattari","og_description":"Sideral unterscheidet sich nicht nur durch die Qualit\u00e4t und die spezifischen Kompetenzen im eigenen Fachgebiet, sondern auch durch das Angebot eines spezifisch auf den Kunden ausgerichteten Services. Das Unternehmen arbeitet eng mit mechanischen Werkst\u00e4tten zusammen und produziert und schleift Gussformen nach Ma\u00df. Sideral ist somit nicht nur ein einfacher Lieferant, sondern ein zuverl\u00e4ssiger Partner f\u00fcr [&hellip;]","og_url":"https:\/\/www.sideralrefrattari.it\/de\/service\/","og_site_name":"Sideral Refrattari","article_publisher":"https:\/\/www.facebook.com\/pages\/Sideral-Refrattari-Srl\/251319765070849","article_modified_time":"2015-05-18T18:27:25+00:00","og_image":[{"width":1016,"height":286,"url":"https:\/\/www.sideralrefrattari.it\/wp-content\/uploads\/2015\/03\/services_header_img.jpg","type":"image\/jpeg"}],"schema":{"@context":"https:\/\/schema.org","@graph":[{"@type":"WebPage","@id":"https:\/\/www.sideralrefrattari.it\/de\/service\/","url":"https:\/\/www.sideralrefrattari.it\/de\/service\/","name":"Service - Sideral Refrattari","isPartOf":{"@id":"https:\/\/www.sideralrefrattari.it\/#website"},"primaryImageOfPage":{"@id":"https:\/\/www.sideralrefrattari.it\/de\/service\/#primaryimage"},"image":{"@id":"https:\/\/www.sideralrefrattari.it\/de\/service\/#primaryimage"},"thumbnailUrl":"https:\/\/www.sideralrefrattari.it\/wp-content\/uploads\/2015\/03\/services_header_img.jpg","datePublished":"2015-03-31T14:47:50+00:00","dateModified":"2015-05-18T18:27:25+00:00","breadcrumb":{"@id":"https:\/\/www.sideralrefrattari.it\/de\/service\/#breadcrumb"},"inLanguage":"de","potentialAction":[{"@type":"ReadAction","target":["https:\/\/www.sideralrefrattari.it\/de\/service\/"]}]},{"@type":"ImageObject","inLanguage":"de","@id":"https:\/\/www.sideralrefrattari.it\/de\/service\/#primaryimage","url":"https:\/\/www.sideralrefrattari.it\/wp-content\/uploads\/2015\/03\/services_header_img.jpg","contentUrl":"https:\/\/www.sideralrefrattari.it\/wp-content\/uploads\/2015\/03\/services_header_img.jpg","width":1016,"height":286},{"@type":"BreadcrumbList","@id":"https:\/\/www.sideralrefrattari.it\/de\/service\/#breadcrumb","itemListElement":[{"@type":"ListItem","position":1,"name":"Home","item":"https:\/\/www.sideralrefrattari.it\/de\/home-page-4\/"},{"@type":"ListItem","position":2,"name":"Service"}]},{"@type":"WebSite","@id":"https:\/\/www.sideralrefrattari.it\/#website","url":"https:\/\/www.sideralrefrattari.it\/","name":"Sideral Refrattari","description":"Refrattari per l\u2019industria siderurgica","publisher":{"@id":"https:\/\/www.sideralrefrattari.it\/#organization"},"potentialAction":[{"@type":"SearchAction","target":{"@type":"EntryPoint","urlTemplate":"https:\/\/www.sideralrefrattari.it\/?s={search_term_string}"},"query-input":{"@type":"PropertyValueSpecification","valueRequired":true,"valueName":"search_term_string"}}],"inLanguage":"de"},{"@type":"Organization","@id":"https:\/\/www.sideralrefrattari.it\/#organization","name":"Sideral Refrattari","url":"https:\/\/www.sideralrefrattari.it\/","logo":{"@type":"ImageObject","inLanguage":"de","@id":"https:\/\/www.sideralrefrattari.it\/#\/schema\/logo\/image\/","url":"https:\/\/www.sideralrefrattari.it\/wp-content\/uploads\/2026\/03\/sideral_logo.png","contentUrl":"https:\/\/www.sideralrefrattari.it\/wp-content\/uploads\/2026\/03\/sideral_logo.png","width":370,"height":65,"caption":"Sideral Refrattari"},"image":{"@id":"https:\/\/www.sideralrefrattari.it\/#\/schema\/logo\/image\/"},"sameAs":["https:\/\/www.facebook.com\/pages\/Sideral-Refrattari-Srl\/251319765070849","https:\/\/www.linkedin.com\/profile\/view?id=188647305"]}]}},"_links":{"self":[{"href":"https:\/\/www.sideralrefrattari.it\/de\/wp-json\/wp\/v2\/pages\/230","targetHints":{"allow":["GET"]}}],"collection":[{"href":"https:\/\/www.sideralrefrattari.it\/de\/wp-json\/wp\/v2\/pages"}],"about":[{"href":"https:\/\/www.sideralrefrattari.it\/de\/wp-json\/wp\/v2\/types\/page"}],"author":[{"embeddable":true,"href":"https:\/\/www.sideralrefrattari.it\/de\/wp-json\/wp\/v2\/users\/1"}],"replies":[{"embeddable":true,"href":"https:\/\/www.sideralrefrattari.it\/de\/wp-json\/wp\/v2\/comments?post=230"}],"version-history":[{"count":3,"href":"https:\/\/www.sideralrefrattari.it\/de\/wp-json\/wp\/v2\/pages\/230\/revisions"}],"predecessor-version":[{"id":604,"href":"https:\/\/www.sideralrefrattari.it\/de\/wp-json\/wp\/v2\/pages\/230\/revisions\/604"}],"wp:featuredmedia":[{"embeddable":true,"href":"https:\/\/www.sideralrefrattari.it\/de\/wp-json\/wp\/v2\/media\/141"}],"wp:attachment":[{"href":"https:\/\/www.sideralrefrattari.it\/de\/wp-json\/wp\/v2\/media?parent=230"}],"curies":[{"name":"wp","href":"https:\/\/api.w.org\/{rel}","templated":true}]}}