{"id":76,"date":"2015-03-26T18:06:42","date_gmt":"2015-03-26T17:06:42","guid":{"rendered":"https:\/\/www.sideralrefrattari.it\/?page_id=76"},"modified":"2015-05-13T19:30:56","modified_gmt":"2015-05-13T17:30:56","slug":"uber-uns","status":"publish","type":"page","link":"https:\/\/www.sideralrefrattari.it\/de\/uber-uns\/","title":{"rendered":"\u00dcber Uns"},"content":{"rendered":"<p><strong>Sideral Refrattari<\/strong>\u00a0wurde im Jahr 2007\u00a0<strong>gegr\u00fcndet und hat sich in der Produktion von feuerfesten Materialien f\u00fcr das <\/strong><strong>steigende Gie\u00dfen<\/strong> spezialisiert. In k\u00fcrzester Zeit hat sich das kleine Unternehmen zu einem auf dem Markt bekannten Referent in diesem Industriebereich entwickelt und wird auch bald im Ausland zu einem wichtigen Partner f\u00fcr die Kunden.\u00a0<strong>Sideral<\/strong>\u00a0 setzt den Schwerpunkt der Unternehmensaktivit\u00e4t auf eine konstante Forschung nach einer hohen <strong>Servicequalit\u00e4t<\/strong> und konsolidiert seine Position als zuverl\u00e4ssiger Gesch\u00e4ftspartner f\u00fcr die Hersteller von Schmiedebl\u00f6cken. Durch die Tatsache, dass alle Bed\u00fcrfnisse der einzelnen Kunden ber\u00fccksichtigt werden, wird die Produktion sehr flexibel, um alle Anfragen schnell und p\u00fcnktlich zu erf\u00fcllen. Die Validierung des Produktionsprozesses und die st\u00e4ndige Best\u00e4tigung von Belieferungen der eigenen Partner sind die unverf\u00e4lschbaren Indikatoren einer unanfechtbaren Qualit\u00e4t.<\/p>\n","protected":false},"excerpt":{"rendered":"<p>Sideral Refrattari\u00a0wurde im Jahr 2007\u00a0gegr\u00fcndet und hat sich in der Produktion von feuerfesten Materialien f\u00fcr das steigende Gie\u00dfen spezialisiert. In k\u00fcrzester Zeit hat sich das kleine Unternehmen zu einem auf dem Markt bekannten Referent in diesem Industriebereich entwickelt und wird auch bald im Ausland zu einem wichtigen Partner f\u00fcr die Kunden.\u00a0Sideral\u00a0 setzt den Schwerpunkt der [&hellip;]<\/p>\n","protected":false},"author":1,"featured_media":344,"parent":0,"menu_order":0,"comment_status":"open","ping_status":"open","template":"page-template-company.php","meta":{"footnotes":""},"class_list":["post-76","page","type-page","status-publish","has-post-thumbnail","hentry"],"yoast_head":"<!-- This site is optimized with the Yoast SEO plugin v27.3 - https:\/\/yoast.com\/product\/yoast-seo-wordpress\/ -->\n<title>\u00dcber Uns - Sideral Refrattari<\/title>\n<meta name=\"robots\" content=\"index, follow, max-snippet:-1, max-image-preview:large, max-video-preview:-1\" \/>\n<link rel=\"canonical\" href=\"https:\/\/www.sideralrefrattari.it\/de\/uber-uns\/\" \/>\n<meta property=\"og:locale\" content=\"de_DE\" \/>\n<meta property=\"og:type\" content=\"article\" \/>\n<meta property=\"og:title\" content=\"\u00dcber Uns - Sideral Refrattari\" \/>\n<meta property=\"og:description\" content=\"Sideral Refrattari\u00a0wurde im Jahr 2007\u00a0gegr\u00fcndet und hat sich in der Produktion von feuerfesten Materialien f\u00fcr das steigende Gie\u00dfen spezialisiert. In k\u00fcrzester Zeit hat sich das kleine Unternehmen zu einem auf dem Markt bekannten Referent in diesem Industriebereich entwickelt und wird auch bald im Ausland zu einem wichtigen Partner f\u00fcr die Kunden.\u00a0Sideral\u00a0 setzt den Schwerpunkt der [&hellip;]\" \/>\n<meta property=\"og:url\" content=\"https:\/\/www.sideralrefrattari.it\/de\/uber-uns\/\" \/>\n<meta property=\"og:site_name\" content=\"Sideral Refrattari\" \/>\n<meta property=\"article:publisher\" content=\"https:\/\/www.facebook.com\/pages\/Sideral-Refrattari-Srl\/251319765070849\" \/>\n<meta property=\"article:modified_time\" content=\"2015-05-13T17:30:56+00:00\" \/>\n<meta property=\"og:image\" content=\"https:\/\/www.sideralrefrattari.it\/wp-content\/uploads\/2015\/03\/products_header_img1.png\" \/>\n\t<meta property=\"og:image:width\" content=\"2240\" \/>\n\t<meta property=\"og:image:height\" content=\"630\" \/>\n\t<meta property=\"og:image:type\" content=\"image\/png\" \/>\n<meta name=\"twitter:label1\" content=\"Gesch\u00e4tzte Lesezeit\" \/>\n\t<meta name=\"twitter:data1\" content=\"1\u00a0Minute\" \/>\n<script type=\"application\/ld+json\" class=\"yoast-schema-graph\">{\"@context\":\"https:\\\/\\\/schema.org\",\"@graph\":[{\"@type\":\"WebPage\",\"@id\":\"https:\\\/\\\/www.sideralrefrattari.it\\\/de\\\/uber-uns\\\/\",\"url\":\"https:\\\/\\\/www.sideralrefrattari.it\\\/de\\\/uber-uns\\\/\",\"name\":\"\u00dcber Uns - Sideral Refrattari\",\"isPartOf\":{\"@id\":\"https:\\\/\\\/www.sideralrefrattari.it\\\/#website\"},\"primaryImageOfPage\":{\"@id\":\"https:\\\/\\\/www.sideralrefrattari.it\\\/de\\\/uber-uns\\\/#primaryimage\"},\"image\":{\"@id\":\"https:\\\/\\\/www.sideralrefrattari.it\\\/de\\\/uber-uns\\\/#primaryimage\"},\"thumbnailUrl\":\"https:\\\/\\\/www.sideralrefrattari.it\\\/wp-content\\\/uploads\\\/2015\\\/03\\\/products_header_img1.png\",\"datePublished\":\"2015-03-26T17:06:42+00:00\",\"dateModified\":\"2015-05-13T17:30:56+00:00\",\"breadcrumb\":{\"@id\":\"https:\\\/\\\/www.sideralrefrattari.it\\\/de\\\/uber-uns\\\/#breadcrumb\"},\"inLanguage\":\"de\",\"potentialAction\":[{\"@type\":\"ReadAction\",\"target\":[\"https:\\\/\\\/www.sideralrefrattari.it\\\/de\\\/uber-uns\\\/\"]}]},{\"@type\":\"ImageObject\",\"inLanguage\":\"de\",\"@id\":\"https:\\\/\\\/www.sideralrefrattari.it\\\/de\\\/uber-uns\\\/#primaryimage\",\"url\":\"https:\\\/\\\/www.sideralrefrattari.it\\\/wp-content\\\/uploads\\\/2015\\\/03\\\/products_header_img1.png\",\"contentUrl\":\"https:\\\/\\\/www.sideralrefrattari.it\\\/wp-content\\\/uploads\\\/2015\\\/03\\\/products_header_img1.png\",\"width\":2240,\"height\":630},{\"@type\":\"BreadcrumbList\",\"@id\":\"https:\\\/\\\/www.sideralrefrattari.it\\\/de\\\/uber-uns\\\/#breadcrumb\",\"itemListElement\":[{\"@type\":\"ListItem\",\"position\":1,\"name\":\"Home\",\"item\":\"https:\\\/\\\/www.sideralrefrattari.it\\\/de\\\/home-page-4\\\/\"},{\"@type\":\"ListItem\",\"position\":2,\"name\":\"\u00dcber Uns\"}]},{\"@type\":\"WebSite\",\"@id\":\"https:\\\/\\\/www.sideralrefrattari.it\\\/#website\",\"url\":\"https:\\\/\\\/www.sideralrefrattari.it\\\/\",\"name\":\"Sideral Refrattari\",\"description\":\"Refrattari per l\u2019industria siderurgica\",\"publisher\":{\"@id\":\"https:\\\/\\\/www.sideralrefrattari.it\\\/#organization\"},\"potentialAction\":[{\"@type\":\"SearchAction\",\"target\":{\"@type\":\"EntryPoint\",\"urlTemplate\":\"https:\\\/\\\/www.sideralrefrattari.it\\\/?s={search_term_string}\"},\"query-input\":{\"@type\":\"PropertyValueSpecification\",\"valueRequired\":true,\"valueName\":\"search_term_string\"}}],\"inLanguage\":\"de\"},{\"@type\":\"Organization\",\"@id\":\"https:\\\/\\\/www.sideralrefrattari.it\\\/#organization\",\"name\":\"Sideral Refrattari\",\"url\":\"https:\\\/\\\/www.sideralrefrattari.it\\\/\",\"logo\":{\"@type\":\"ImageObject\",\"inLanguage\":\"de\",\"@id\":\"https:\\\/\\\/www.sideralrefrattari.it\\\/#\\\/schema\\\/logo\\\/image\\\/\",\"url\":\"https:\\\/\\\/www.sideralrefrattari.it\\\/wp-content\\\/uploads\\\/2026\\\/03\\\/sideral_logo.png\",\"contentUrl\":\"https:\\\/\\\/www.sideralrefrattari.it\\\/wp-content\\\/uploads\\\/2026\\\/03\\\/sideral_logo.png\",\"width\":370,\"height\":65,\"caption\":\"Sideral Refrattari\"},\"image\":{\"@id\":\"https:\\\/\\\/www.sideralrefrattari.it\\\/#\\\/schema\\\/logo\\\/image\\\/\"},\"sameAs\":[\"https:\\\/\\\/www.facebook.com\\\/pages\\\/Sideral-Refrattari-Srl\\\/251319765070849\",\"https:\\\/\\\/www.linkedin.com\\\/profile\\\/view?id=188647305\"]}]}<\/script>\n<!-- \/ Yoast SEO plugin. -->","yoast_head_json":{"title":"\u00dcber Uns - Sideral Refrattari","robots":{"index":"index","follow":"follow","max-snippet":"max-snippet:-1","max-image-preview":"max-image-preview:large","max-video-preview":"max-video-preview:-1"},"canonical":"https:\/\/www.sideralrefrattari.it\/de\/uber-uns\/","og_locale":"de_DE","og_type":"article","og_title":"\u00dcber Uns - Sideral Refrattari","og_description":"Sideral Refrattari\u00a0wurde im Jahr 2007\u00a0gegr\u00fcndet und hat sich in der Produktion von feuerfesten Materialien f\u00fcr das steigende Gie\u00dfen spezialisiert. In k\u00fcrzester Zeit hat sich das kleine Unternehmen zu einem auf dem Markt bekannten Referent in diesem Industriebereich entwickelt und wird auch bald im Ausland zu einem wichtigen Partner f\u00fcr die Kunden.\u00a0Sideral\u00a0 setzt den Schwerpunkt der [&hellip;]","og_url":"https:\/\/www.sideralrefrattari.it\/de\/uber-uns\/","og_site_name":"Sideral Refrattari","article_publisher":"https:\/\/www.facebook.com\/pages\/Sideral-Refrattari-Srl\/251319765070849","article_modified_time":"2015-05-13T17:30:56+00:00","og_image":[{"width":2240,"height":630,"url":"https:\/\/www.sideralrefrattari.it\/wp-content\/uploads\/2015\/03\/products_header_img1.png","type":"image\/png"}],"twitter_misc":{"Gesch\u00e4tzte Lesezeit":"1\u00a0Minute"},"schema":{"@context":"https:\/\/schema.org","@graph":[{"@type":"WebPage","@id":"https:\/\/www.sideralrefrattari.it\/de\/uber-uns\/","url":"https:\/\/www.sideralrefrattari.it\/de\/uber-uns\/","name":"\u00dcber Uns - Sideral Refrattari","isPartOf":{"@id":"https:\/\/www.sideralrefrattari.it\/#website"},"primaryImageOfPage":{"@id":"https:\/\/www.sideralrefrattari.it\/de\/uber-uns\/#primaryimage"},"image":{"@id":"https:\/\/www.sideralrefrattari.it\/de\/uber-uns\/#primaryimage"},"thumbnailUrl":"https:\/\/www.sideralrefrattari.it\/wp-content\/uploads\/2015\/03\/products_header_img1.png","datePublished":"2015-03-26T17:06:42+00:00","dateModified":"2015-05-13T17:30:56+00:00","breadcrumb":{"@id":"https:\/\/www.sideralrefrattari.it\/de\/uber-uns\/#breadcrumb"},"inLanguage":"de","potentialAction":[{"@type":"ReadAction","target":["https:\/\/www.sideralrefrattari.it\/de\/uber-uns\/"]}]},{"@type":"ImageObject","inLanguage":"de","@id":"https:\/\/www.sideralrefrattari.it\/de\/uber-uns\/#primaryimage","url":"https:\/\/www.sideralrefrattari.it\/wp-content\/uploads\/2015\/03\/products_header_img1.png","contentUrl":"https:\/\/www.sideralrefrattari.it\/wp-content\/uploads\/2015\/03\/products_header_img1.png","width":2240,"height":630},{"@type":"BreadcrumbList","@id":"https:\/\/www.sideralrefrattari.it\/de\/uber-uns\/#breadcrumb","itemListElement":[{"@type":"ListItem","position":1,"name":"Home","item":"https:\/\/www.sideralrefrattari.it\/de\/home-page-4\/"},{"@type":"ListItem","position":2,"name":"\u00dcber Uns"}]},{"@type":"WebSite","@id":"https:\/\/www.sideralrefrattari.it\/#website","url":"https:\/\/www.sideralrefrattari.it\/","name":"Sideral Refrattari","description":"Refrattari per l\u2019industria siderurgica","publisher":{"@id":"https:\/\/www.sideralrefrattari.it\/#organization"},"potentialAction":[{"@type":"SearchAction","target":{"@type":"EntryPoint","urlTemplate":"https:\/\/www.sideralrefrattari.it\/?s={search_term_string}"},"query-input":{"@type":"PropertyValueSpecification","valueRequired":true,"valueName":"search_term_string"}}],"inLanguage":"de"},{"@type":"Organization","@id":"https:\/\/www.sideralrefrattari.it\/#organization","name":"Sideral Refrattari","url":"https:\/\/www.sideralrefrattari.it\/","logo":{"@type":"ImageObject","inLanguage":"de","@id":"https:\/\/www.sideralrefrattari.it\/#\/schema\/logo\/image\/","url":"https:\/\/www.sideralrefrattari.it\/wp-content\/uploads\/2026\/03\/sideral_logo.png","contentUrl":"https:\/\/www.sideralrefrattari.it\/wp-content\/uploads\/2026\/03\/sideral_logo.png","width":370,"height":65,"caption":"Sideral Refrattari"},"image":{"@id":"https:\/\/www.sideralrefrattari.it\/#\/schema\/logo\/image\/"},"sameAs":["https:\/\/www.facebook.com\/pages\/Sideral-Refrattari-Srl\/251319765070849","https:\/\/www.linkedin.com\/profile\/view?id=188647305"]}]}},"_links":{"self":[{"href":"https:\/\/www.sideralrefrattari.it\/de\/wp-json\/wp\/v2\/pages\/76","targetHints":{"allow":["GET"]}}],"collection":[{"href":"https:\/\/www.sideralrefrattari.it\/de\/wp-json\/wp\/v2\/pages"}],"about":[{"href":"https:\/\/www.sideralrefrattari.it\/de\/wp-json\/wp\/v2\/types\/page"}],"author":[{"embeddable":true,"href":"https:\/\/www.sideralrefrattari.it\/de\/wp-json\/wp\/v2\/users\/1"}],"replies":[{"embeddable":true,"href":"https:\/\/www.sideralrefrattari.it\/de\/wp-json\/wp\/v2\/comments?post=76"}],"version-history":[{"count":5,"href":"https:\/\/www.sideralrefrattari.it\/de\/wp-json\/wp\/v2\/pages\/76\/revisions"}],"predecessor-version":[{"id":577,"href":"https:\/\/www.sideralrefrattari.it\/de\/wp-json\/wp\/v2\/pages\/76\/revisions\/577"}],"wp:featuredmedia":[{"embeddable":true,"href":"https:\/\/www.sideralrefrattari.it\/de\/wp-json\/wp\/v2\/media\/344"}],"wp:attachment":[{"href":"https:\/\/www.sideralrefrattari.it\/de\/wp-json\/wp\/v2\/media?parent=76"}],"curies":[{"name":"wp","href":"https:\/\/api.w.org\/{rel}","templated":true}]}}