{"id":214,"date":"2015-03-31T16:44:25","date_gmt":"2015-03-31T14:44:25","guid":{"rendered":"https:\/\/www.sideralrefrattari.it\/?page_id=214"},"modified":"2015-05-05T14:42:36","modified_gmt":"2015-05-05T12:42:36","slug":"production","status":"publish","type":"page","link":"https:\/\/www.sideralrefrattari.it\/fr\/production\/","title":{"rendered":"Production"},"content":{"rendered":"<p>L\u2019utilisation de mati\u00e8res premi\u00e8res s\u00e9lectionn\u00e9es, le processus de production g\u00e9r\u00e9 et contr\u00f4l\u00e9 \u00e9lectroniquement ainsi que la tra\u00e7abilit\u00e9 des commandes permettent de produire des mat\u00e9riaux r\u00e9fractaires selon les<strong> standards de qualit\u00e9 les plus \u00e9lev\u00e9s<\/strong>. Chaque phase du cycle de production est dot\u00e9e de doubles lignes pour faire face \u00e0 des pics de production impr\u00e9vus et \u00e0 l&rsquo;entretien programm\u00e9, sans compromettre le service apport\u00e9 au client. Le site de production est conforme aux <strong>normes de s\u00e9curit\u00e9<\/strong> et est \u00e9quip\u00e9 des installations n\u00e9cessaires de r\u00e9duction des \u00e9missions polluantes dans l&rsquo;atmosph\u00e8re, pour un meilleur respect de l&rsquo;environnement. Les d\u00e9marches n\u00e9cessaires pour la d\u00e9livrance de la <strong>certification de la qualit\u00e9 <\/strong>sont en cours.<\/p>\n","protected":false},"excerpt":{"rendered":"<p>L\u2019utilisation de mati\u00e8res premi\u00e8res s\u00e9lectionn\u00e9es, le processus de production g\u00e9r\u00e9 et contr\u00f4l\u00e9 \u00e9lectroniquement ainsi que la tra\u00e7abilit\u00e9 des commandes permettent de produire des mat\u00e9riaux r\u00e9fractaires selon les standards de qualit\u00e9 les plus \u00e9lev\u00e9s. Chaque phase du cycle de production est dot\u00e9e de doubles lignes pour faire face \u00e0 des pics de production impr\u00e9vus et \u00e0 [&hellip;]<\/p>\n","protected":false},"author":1,"featured_media":212,"parent":0,"menu_order":0,"comment_status":"open","ping_status":"open","template":"page-template-production.php","meta":{"footnotes":""},"class_list":["post-214","page","type-page","status-publish","has-post-thumbnail","hentry"],"yoast_head":"<!-- This site is optimized with the Yoast SEO plugin v27.6 - https:\/\/yoast.com\/product\/yoast-seo-wordpress\/ -->\n<title>Production - Sideral Refrattari<\/title>\n<meta name=\"robots\" content=\"index, follow, max-snippet:-1, max-image-preview:large, max-video-preview:-1\" \/>\n<link rel=\"canonical\" href=\"https:\/\/www.sideralrefrattari.it\/fr\/production\/\" \/>\n<meta property=\"og:locale\" content=\"fr_FR\" \/>\n<meta property=\"og:type\" content=\"article\" \/>\n<meta property=\"og:title\" content=\"Production - Sideral Refrattari\" \/>\n<meta property=\"og:description\" content=\"L\u2019utilisation de mati\u00e8res premi\u00e8res s\u00e9lectionn\u00e9es, le processus de production g\u00e9r\u00e9 et contr\u00f4l\u00e9 \u00e9lectroniquement ainsi que la tra\u00e7abilit\u00e9 des commandes permettent de produire des mat\u00e9riaux r\u00e9fractaires selon les standards de qualit\u00e9 les plus \u00e9lev\u00e9s. Chaque phase du cycle de production est dot\u00e9e de doubles lignes pour faire face \u00e0 des pics de production impr\u00e9vus et \u00e0 [&hellip;]\" \/>\n<meta property=\"og:url\" content=\"https:\/\/www.sideralrefrattari.it\/fr\/production\/\" \/>\n<meta property=\"og:site_name\" content=\"Sideral Refrattari\" \/>\n<meta property=\"article:publisher\" content=\"https:\/\/www.facebook.com\/pages\/Sideral-Refrattari-Srl\/251319765070849\" \/>\n<meta property=\"article:modified_time\" content=\"2015-05-05T12:42:36+00:00\" \/>\n<meta property=\"og:image\" content=\"https:\/\/www.sideralrefrattari.it\/wp-content\/uploads\/2015\/03\/produzione_header_img.jpg\" \/>\n\t<meta property=\"og:image:width\" content=\"2560\" \/>\n\t<meta property=\"og:image:height\" content=\"800\" \/>\n\t<meta property=\"og:image:type\" content=\"image\/jpeg\" \/>\n<meta name=\"twitter:label1\" content=\"Dur\u00e9e de lecture estim\u00e9e\" \/>\n\t<meta name=\"twitter:data1\" content=\"1 minute\" \/>\n<script type=\"application\/ld+json\" class=\"yoast-schema-graph\">{\"@context\":\"https:\\\/\\\/schema.org\",\"@graph\":[{\"@type\":\"WebPage\",\"@id\":\"https:\\\/\\\/www.sideralrefrattari.it\\\/fr\\\/production\\\/\",\"url\":\"https:\\\/\\\/www.sideralrefrattari.it\\\/fr\\\/production\\\/\",\"name\":\"Production - Sideral Refrattari\",\"isPartOf\":{\"@id\":\"https:\\\/\\\/www.sideralrefrattari.it\\\/#website\"},\"primaryImageOfPage\":{\"@id\":\"https:\\\/\\\/www.sideralrefrattari.it\\\/fr\\\/production\\\/#primaryimage\"},\"image\":{\"@id\":\"https:\\\/\\\/www.sideralrefrattari.it\\\/fr\\\/production\\\/#primaryimage\"},\"thumbnailUrl\":\"https:\\\/\\\/www.sideralrefrattari.it\\\/wp-content\\\/uploads\\\/2015\\\/03\\\/produzione_header_img.jpg\",\"datePublished\":\"2015-03-31T14:44:25+00:00\",\"dateModified\":\"2015-05-05T12:42:36+00:00\",\"breadcrumb\":{\"@id\":\"https:\\\/\\\/www.sideralrefrattari.it\\\/fr\\\/production\\\/#breadcrumb\"},\"inLanguage\":\"fr-FR\",\"potentialAction\":[{\"@type\":\"ReadAction\",\"target\":[\"https:\\\/\\\/www.sideralrefrattari.it\\\/fr\\\/production\\\/\"]}]},{\"@type\":\"ImageObject\",\"inLanguage\":\"fr-FR\",\"@id\":\"https:\\\/\\\/www.sideralrefrattari.it\\\/fr\\\/production\\\/#primaryimage\",\"url\":\"https:\\\/\\\/www.sideralrefrattari.it\\\/wp-content\\\/uploads\\\/2015\\\/03\\\/produzione_header_img.jpg\",\"contentUrl\":\"https:\\\/\\\/www.sideralrefrattari.it\\\/wp-content\\\/uploads\\\/2015\\\/03\\\/produzione_header_img.jpg\",\"width\":2560,\"height\":800},{\"@type\":\"BreadcrumbList\",\"@id\":\"https:\\\/\\\/www.sideralrefrattari.it\\\/fr\\\/production\\\/#breadcrumb\",\"itemListElement\":[{\"@type\":\"ListItem\",\"position\":1,\"name\":\"Home\",\"item\":\"https:\\\/\\\/www.sideralrefrattari.it\\\/fr\\\/\"},{\"@type\":\"ListItem\",\"position\":2,\"name\":\"Production\"}]},{\"@type\":\"WebSite\",\"@id\":\"https:\\\/\\\/www.sideralrefrattari.it\\\/#website\",\"url\":\"https:\\\/\\\/www.sideralrefrattari.it\\\/\",\"name\":\"Sideral Refrattari\",\"description\":\"Refrattari per l\u2019industria siderurgica\",\"publisher\":{\"@id\":\"https:\\\/\\\/www.sideralrefrattari.it\\\/#organization\"},\"potentialAction\":[{\"@type\":\"SearchAction\",\"target\":{\"@type\":\"EntryPoint\",\"urlTemplate\":\"https:\\\/\\\/www.sideralrefrattari.it\\\/?s={search_term_string}\"},\"query-input\":{\"@type\":\"PropertyValueSpecification\",\"valueRequired\":true,\"valueName\":\"search_term_string\"}}],\"inLanguage\":\"fr-FR\"},{\"@type\":\"Organization\",\"@id\":\"https:\\\/\\\/www.sideralrefrattari.it\\\/#organization\",\"name\":\"Sideral Refrattari\",\"url\":\"https:\\\/\\\/www.sideralrefrattari.it\\\/\",\"logo\":{\"@type\":\"ImageObject\",\"inLanguage\":\"fr-FR\",\"@id\":\"https:\\\/\\\/www.sideralrefrattari.it\\\/#\\\/schema\\\/logo\\\/image\\\/\",\"url\":\"https:\\\/\\\/www.sideralrefrattari.it\\\/wp-content\\\/uploads\\\/2026\\\/03\\\/sideral_logo.png\",\"contentUrl\":\"https:\\\/\\\/www.sideralrefrattari.it\\\/wp-content\\\/uploads\\\/2026\\\/03\\\/sideral_logo.png\",\"width\":370,\"height\":65,\"caption\":\"Sideral Refrattari\"},\"image\":{\"@id\":\"https:\\\/\\\/www.sideralrefrattari.it\\\/#\\\/schema\\\/logo\\\/image\\\/\"},\"sameAs\":[\"https:\\\/\\\/www.facebook.com\\\/pages\\\/Sideral-Refrattari-Srl\\\/251319765070849\",\"https:\\\/\\\/www.linkedin.com\\\/profile\\\/view?id=188647305\"]}]}<\/script>\n<!-- \/ Yoast SEO plugin. -->","yoast_head_json":{"title":"Production - Sideral Refrattari","robots":{"index":"index","follow":"follow","max-snippet":"max-snippet:-1","max-image-preview":"max-image-preview:large","max-video-preview":"max-video-preview:-1"},"canonical":"https:\/\/www.sideralrefrattari.it\/fr\/production\/","og_locale":"fr_FR","og_type":"article","og_title":"Production - Sideral Refrattari","og_description":"L\u2019utilisation de mati\u00e8res premi\u00e8res s\u00e9lectionn\u00e9es, le processus de production g\u00e9r\u00e9 et contr\u00f4l\u00e9 \u00e9lectroniquement ainsi que la tra\u00e7abilit\u00e9 des commandes permettent de produire des mat\u00e9riaux r\u00e9fractaires selon les standards de qualit\u00e9 les plus \u00e9lev\u00e9s. Chaque phase du cycle de production est dot\u00e9e de doubles lignes pour faire face \u00e0 des pics de production impr\u00e9vus et \u00e0 [&hellip;]","og_url":"https:\/\/www.sideralrefrattari.it\/fr\/production\/","og_site_name":"Sideral Refrattari","article_publisher":"https:\/\/www.facebook.com\/pages\/Sideral-Refrattari-Srl\/251319765070849","article_modified_time":"2015-05-05T12:42:36+00:00","og_image":[{"width":2560,"height":800,"url":"https:\/\/www.sideralrefrattari.it\/wp-content\/uploads\/2015\/03\/produzione_header_img.jpg","type":"image\/jpeg"}],"twitter_misc":{"Dur\u00e9e de lecture estim\u00e9e":"1 minute"},"schema":{"@context":"https:\/\/schema.org","@graph":[{"@type":"WebPage","@id":"https:\/\/www.sideralrefrattari.it\/fr\/production\/","url":"https:\/\/www.sideralrefrattari.it\/fr\/production\/","name":"Production - Sideral Refrattari","isPartOf":{"@id":"https:\/\/www.sideralrefrattari.it\/#website"},"primaryImageOfPage":{"@id":"https:\/\/www.sideralrefrattari.it\/fr\/production\/#primaryimage"},"image":{"@id":"https:\/\/www.sideralrefrattari.it\/fr\/production\/#primaryimage"},"thumbnailUrl":"https:\/\/www.sideralrefrattari.it\/wp-content\/uploads\/2015\/03\/produzione_header_img.jpg","datePublished":"2015-03-31T14:44:25+00:00","dateModified":"2015-05-05T12:42:36+00:00","breadcrumb":{"@id":"https:\/\/www.sideralrefrattari.it\/fr\/production\/#breadcrumb"},"inLanguage":"fr-FR","potentialAction":[{"@type":"ReadAction","target":["https:\/\/www.sideralrefrattari.it\/fr\/production\/"]}]},{"@type":"ImageObject","inLanguage":"fr-FR","@id":"https:\/\/www.sideralrefrattari.it\/fr\/production\/#primaryimage","url":"https:\/\/www.sideralrefrattari.it\/wp-content\/uploads\/2015\/03\/produzione_header_img.jpg","contentUrl":"https:\/\/www.sideralrefrattari.it\/wp-content\/uploads\/2015\/03\/produzione_header_img.jpg","width":2560,"height":800},{"@type":"BreadcrumbList","@id":"https:\/\/www.sideralrefrattari.it\/fr\/production\/#breadcrumb","itemListElement":[{"@type":"ListItem","position":1,"name":"Home","item":"https:\/\/www.sideralrefrattari.it\/fr\/"},{"@type":"ListItem","position":2,"name":"Production"}]},{"@type":"WebSite","@id":"https:\/\/www.sideralrefrattari.it\/#website","url":"https:\/\/www.sideralrefrattari.it\/","name":"Sideral Refrattari","description":"Refrattari per l\u2019industria siderurgica","publisher":{"@id":"https:\/\/www.sideralrefrattari.it\/#organization"},"potentialAction":[{"@type":"SearchAction","target":{"@type":"EntryPoint","urlTemplate":"https:\/\/www.sideralrefrattari.it\/?s={search_term_string}"},"query-input":{"@type":"PropertyValueSpecification","valueRequired":true,"valueName":"search_term_string"}}],"inLanguage":"fr-FR"},{"@type":"Organization","@id":"https:\/\/www.sideralrefrattari.it\/#organization","name":"Sideral Refrattari","url":"https:\/\/www.sideralrefrattari.it\/","logo":{"@type":"ImageObject","inLanguage":"fr-FR","@id":"https:\/\/www.sideralrefrattari.it\/#\/schema\/logo\/image\/","url":"https:\/\/www.sideralrefrattari.it\/wp-content\/uploads\/2026\/03\/sideral_logo.png","contentUrl":"https:\/\/www.sideralrefrattari.it\/wp-content\/uploads\/2026\/03\/sideral_logo.png","width":370,"height":65,"caption":"Sideral Refrattari"},"image":{"@id":"https:\/\/www.sideralrefrattari.it\/#\/schema\/logo\/image\/"},"sameAs":["https:\/\/www.facebook.com\/pages\/Sideral-Refrattari-Srl\/251319765070849","https:\/\/www.linkedin.com\/profile\/view?id=188647305"]}]}},"_links":{"self":[{"href":"https:\/\/www.sideralrefrattari.it\/fr\/wp-json\/wp\/v2\/pages\/214","targetHints":{"allow":["GET"]}}],"collection":[{"href":"https:\/\/www.sideralrefrattari.it\/fr\/wp-json\/wp\/v2\/pages"}],"about":[{"href":"https:\/\/www.sideralrefrattari.it\/fr\/wp-json\/wp\/v2\/types\/page"}],"author":[{"embeddable":true,"href":"https:\/\/www.sideralrefrattari.it\/fr\/wp-json\/wp\/v2\/users\/1"}],"replies":[{"embeddable":true,"href":"https:\/\/www.sideralrefrattari.it\/fr\/wp-json\/wp\/v2\/comments?post=214"}],"version-history":[{"count":2,"href":"https:\/\/www.sideralrefrattari.it\/fr\/wp-json\/wp\/v2\/pages\/214\/revisions"}],"predecessor-version":[{"id":320,"href":"https:\/\/www.sideralrefrattari.it\/fr\/wp-json\/wp\/v2\/pages\/214\/revisions\/320"}],"wp:featuredmedia":[{"embeddable":true,"href":"https:\/\/www.sideralrefrattari.it\/fr\/wp-json\/wp\/v2\/media\/212"}],"wp:attachment":[{"href":"https:\/\/www.sideralrefrattari.it\/fr\/wp-json\/wp\/v2\/media?parent=214"}],"curies":[{"name":"wp","href":"https:\/\/api.w.org\/{rel}","templated":true}]}}