{"id":223,"date":"2015-03-31T16:47:09","date_gmt":"2015-03-31T14:47:09","guid":{"rendered":"https:\/\/www.sideralrefrattari.it\/?page_id=223"},"modified":"2015-05-18T20:27:16","modified_gmt":"2015-05-18T18:27:16","slug":"services","status":"publish","type":"page","link":"https:\/\/www.sideralrefrattari.it\/fr\/services\/","title":{"rendered":"Services"},"content":{"rendered":"<p>Au-del\u00e0 de la qualit\u00e9 de ces produits et de ces comp\u00e9tences sp\u00e9cifiques, la soci\u00e9t\u00e9 Sideral Refrattari se d\u00e9marque par une offre de service enti\u00e8rement personnalis\u00e9e. L\u2019entreprise dispose d\u2019un atelier m\u00e9canique d\u00e9di\u00e9 qui permet de concevoir, produire et rectifier des moules sur mesure. L&rsquo;entreprise Sideral Refrattari n\u2019est pas un simple fournisseur, mais un partenaire de ses clients, qu&rsquo;elle suit pas \u00e0 pas de la conception et r\u00e9alisation des composants du mat\u00e9riel de coul\u00e9e aux modifications \u00e9ventuelles, jusqu\u2019\u00e0 obtenir une enti\u00e8re satisfaction des exigences du client.<\/p>\n","protected":false},"excerpt":{"rendered":"<p>Au-del\u00e0 de la qualit\u00e9 de ces produits et de ces comp\u00e9tences sp\u00e9cifiques, la soci\u00e9t\u00e9 Sideral Refrattari se d\u00e9marque par une offre de service enti\u00e8rement personnalis\u00e9e. L\u2019entreprise dispose d\u2019un atelier m\u00e9canique d\u00e9di\u00e9 qui permet de concevoir, produire et rectifier des moules sur mesure. L&rsquo;entreprise Sideral Refrattari n\u2019est pas un simple fournisseur, mais un partenaire de ses [&hellip;]<\/p>\n","protected":false},"author":1,"featured_media":143,"parent":0,"menu_order":0,"comment_status":"open","ping_status":"open","template":"page-template-services.php","meta":{"footnotes":""},"class_list":["post-223","page","type-page","status-publish","has-post-thumbnail","hentry"],"yoast_head":"<!-- This site is optimized with the Yoast SEO plugin v27.4 - https:\/\/yoast.com\/product\/yoast-seo-wordpress\/ -->\n<title>Services - Sideral Refrattari<\/title>\n<meta name=\"robots\" content=\"index, follow, max-snippet:-1, max-image-preview:large, max-video-preview:-1\" \/>\n<link rel=\"canonical\" href=\"https:\/\/www.sideralrefrattari.it\/fr\/services\/\" \/>\n<meta property=\"og:locale\" content=\"fr_FR\" \/>\n<meta property=\"og:type\" content=\"article\" \/>\n<meta property=\"og:title\" content=\"Services - Sideral Refrattari\" \/>\n<meta property=\"og:description\" content=\"Au-del\u00e0 de la qualit\u00e9 de ces produits et de ces comp\u00e9tences sp\u00e9cifiques, la soci\u00e9t\u00e9 Sideral Refrattari se d\u00e9marque par une offre de service enti\u00e8rement personnalis\u00e9e. L\u2019entreprise dispose d\u2019un atelier m\u00e9canique d\u00e9di\u00e9 qui permet de concevoir, produire et rectifier des moules sur mesure. L&rsquo;entreprise Sideral Refrattari n\u2019est pas un simple fournisseur, mais un partenaire de ses [&hellip;]\" \/>\n<meta property=\"og:url\" content=\"https:\/\/www.sideralrefrattari.it\/fr\/services\/\" \/>\n<meta property=\"og:site_name\" content=\"Sideral Refrattari\" \/>\n<meta property=\"article:publisher\" content=\"https:\/\/www.facebook.com\/pages\/Sideral-Refrattari-Srl\/251319765070849\" \/>\n<meta property=\"article:modified_time\" content=\"2015-05-18T18:27:16+00:00\" \/>\n<meta property=\"og:image\" content=\"https:\/\/www.sideralrefrattari.it\/wp-content\/uploads\/2015\/03\/services_header_img.jpg\" \/>\n\t<meta property=\"og:image:width\" content=\"1016\" \/>\n\t<meta property=\"og:image:height\" content=\"286\" \/>\n\t<meta property=\"og:image:type\" content=\"image\/jpeg\" \/>\n<script type=\"application\/ld+json\" class=\"yoast-schema-graph\">{\"@context\":\"https:\\\/\\\/schema.org\",\"@graph\":[{\"@type\":\"WebPage\",\"@id\":\"https:\\\/\\\/www.sideralrefrattari.it\\\/fr\\\/services\\\/\",\"url\":\"https:\\\/\\\/www.sideralrefrattari.it\\\/fr\\\/services\\\/\",\"name\":\"Services - Sideral Refrattari\",\"isPartOf\":{\"@id\":\"https:\\\/\\\/www.sideralrefrattari.it\\\/#website\"},\"primaryImageOfPage\":{\"@id\":\"https:\\\/\\\/www.sideralrefrattari.it\\\/fr\\\/services\\\/#primaryimage\"},\"image\":{\"@id\":\"https:\\\/\\\/www.sideralrefrattari.it\\\/fr\\\/services\\\/#primaryimage\"},\"thumbnailUrl\":\"https:\\\/\\\/www.sideralrefrattari.it\\\/wp-content\\\/uploads\\\/2015\\\/03\\\/services_header_img.jpg\",\"datePublished\":\"2015-03-31T14:47:09+00:00\",\"dateModified\":\"2015-05-18T18:27:16+00:00\",\"breadcrumb\":{\"@id\":\"https:\\\/\\\/www.sideralrefrattari.it\\\/fr\\\/services\\\/#breadcrumb\"},\"inLanguage\":\"fr-FR\",\"potentialAction\":[{\"@type\":\"ReadAction\",\"target\":[\"https:\\\/\\\/www.sideralrefrattari.it\\\/fr\\\/services\\\/\"]}]},{\"@type\":\"ImageObject\",\"inLanguage\":\"fr-FR\",\"@id\":\"https:\\\/\\\/www.sideralrefrattari.it\\\/fr\\\/services\\\/#primaryimage\",\"url\":\"https:\\\/\\\/www.sideralrefrattari.it\\\/wp-content\\\/uploads\\\/2015\\\/03\\\/services_header_img.jpg\",\"contentUrl\":\"https:\\\/\\\/www.sideralrefrattari.it\\\/wp-content\\\/uploads\\\/2015\\\/03\\\/services_header_img.jpg\",\"width\":1016,\"height\":286},{\"@type\":\"BreadcrumbList\",\"@id\":\"https:\\\/\\\/www.sideralrefrattari.it\\\/fr\\\/services\\\/#breadcrumb\",\"itemListElement\":[{\"@type\":\"ListItem\",\"position\":1,\"name\":\"Home\",\"item\":\"https:\\\/\\\/www.sideralrefrattari.it\\\/fr\\\/\"},{\"@type\":\"ListItem\",\"position\":2,\"name\":\"Services\"}]},{\"@type\":\"WebSite\",\"@id\":\"https:\\\/\\\/www.sideralrefrattari.it\\\/#website\",\"url\":\"https:\\\/\\\/www.sideralrefrattari.it\\\/\",\"name\":\"Sideral Refrattari\",\"description\":\"Refrattari per l\u2019industria siderurgica\",\"publisher\":{\"@id\":\"https:\\\/\\\/www.sideralrefrattari.it\\\/#organization\"},\"potentialAction\":[{\"@type\":\"SearchAction\",\"target\":{\"@type\":\"EntryPoint\",\"urlTemplate\":\"https:\\\/\\\/www.sideralrefrattari.it\\\/?s={search_term_string}\"},\"query-input\":{\"@type\":\"PropertyValueSpecification\",\"valueRequired\":true,\"valueName\":\"search_term_string\"}}],\"inLanguage\":\"fr-FR\"},{\"@type\":\"Organization\",\"@id\":\"https:\\\/\\\/www.sideralrefrattari.it\\\/#organization\",\"name\":\"Sideral Refrattari\",\"url\":\"https:\\\/\\\/www.sideralrefrattari.it\\\/\",\"logo\":{\"@type\":\"ImageObject\",\"inLanguage\":\"fr-FR\",\"@id\":\"https:\\\/\\\/www.sideralrefrattari.it\\\/#\\\/schema\\\/logo\\\/image\\\/\",\"url\":\"https:\\\/\\\/www.sideralrefrattari.it\\\/wp-content\\\/uploads\\\/2026\\\/03\\\/sideral_logo.png\",\"contentUrl\":\"https:\\\/\\\/www.sideralrefrattari.it\\\/wp-content\\\/uploads\\\/2026\\\/03\\\/sideral_logo.png\",\"width\":370,\"height\":65,\"caption\":\"Sideral Refrattari\"},\"image\":{\"@id\":\"https:\\\/\\\/www.sideralrefrattari.it\\\/#\\\/schema\\\/logo\\\/image\\\/\"},\"sameAs\":[\"https:\\\/\\\/www.facebook.com\\\/pages\\\/Sideral-Refrattari-Srl\\\/251319765070849\",\"https:\\\/\\\/www.linkedin.com\\\/profile\\\/view?id=188647305\"]}]}<\/script>\n<!-- \/ Yoast SEO plugin. -->","yoast_head_json":{"title":"Services - Sideral Refrattari","robots":{"index":"index","follow":"follow","max-snippet":"max-snippet:-1","max-image-preview":"max-image-preview:large","max-video-preview":"max-video-preview:-1"},"canonical":"https:\/\/www.sideralrefrattari.it\/fr\/services\/","og_locale":"fr_FR","og_type":"article","og_title":"Services - Sideral Refrattari","og_description":"Au-del\u00e0 de la qualit\u00e9 de ces produits et de ces comp\u00e9tences sp\u00e9cifiques, la soci\u00e9t\u00e9 Sideral Refrattari se d\u00e9marque par une offre de service enti\u00e8rement personnalis\u00e9e. L\u2019entreprise dispose d\u2019un atelier m\u00e9canique d\u00e9di\u00e9 qui permet de concevoir, produire et rectifier des moules sur mesure. L&rsquo;entreprise Sideral Refrattari n\u2019est pas un simple fournisseur, mais un partenaire de ses [&hellip;]","og_url":"https:\/\/www.sideralrefrattari.it\/fr\/services\/","og_site_name":"Sideral Refrattari","article_publisher":"https:\/\/www.facebook.com\/pages\/Sideral-Refrattari-Srl\/251319765070849","article_modified_time":"2015-05-18T18:27:16+00:00","og_image":[{"width":1016,"height":286,"url":"https:\/\/www.sideralrefrattari.it\/wp-content\/uploads\/2015\/03\/services_header_img.jpg","type":"image\/jpeg"}],"schema":{"@context":"https:\/\/schema.org","@graph":[{"@type":"WebPage","@id":"https:\/\/www.sideralrefrattari.it\/fr\/services\/","url":"https:\/\/www.sideralrefrattari.it\/fr\/services\/","name":"Services - Sideral Refrattari","isPartOf":{"@id":"https:\/\/www.sideralrefrattari.it\/#website"},"primaryImageOfPage":{"@id":"https:\/\/www.sideralrefrattari.it\/fr\/services\/#primaryimage"},"image":{"@id":"https:\/\/www.sideralrefrattari.it\/fr\/services\/#primaryimage"},"thumbnailUrl":"https:\/\/www.sideralrefrattari.it\/wp-content\/uploads\/2015\/03\/services_header_img.jpg","datePublished":"2015-03-31T14:47:09+00:00","dateModified":"2015-05-18T18:27:16+00:00","breadcrumb":{"@id":"https:\/\/www.sideralrefrattari.it\/fr\/services\/#breadcrumb"},"inLanguage":"fr-FR","potentialAction":[{"@type":"ReadAction","target":["https:\/\/www.sideralrefrattari.it\/fr\/services\/"]}]},{"@type":"ImageObject","inLanguage":"fr-FR","@id":"https:\/\/www.sideralrefrattari.it\/fr\/services\/#primaryimage","url":"https:\/\/www.sideralrefrattari.it\/wp-content\/uploads\/2015\/03\/services_header_img.jpg","contentUrl":"https:\/\/www.sideralrefrattari.it\/wp-content\/uploads\/2015\/03\/services_header_img.jpg","width":1016,"height":286},{"@type":"BreadcrumbList","@id":"https:\/\/www.sideralrefrattari.it\/fr\/services\/#breadcrumb","itemListElement":[{"@type":"ListItem","position":1,"name":"Home","item":"https:\/\/www.sideralrefrattari.it\/fr\/"},{"@type":"ListItem","position":2,"name":"Services"}]},{"@type":"WebSite","@id":"https:\/\/www.sideralrefrattari.it\/#website","url":"https:\/\/www.sideralrefrattari.it\/","name":"Sideral Refrattari","description":"Refrattari per l\u2019industria siderurgica","publisher":{"@id":"https:\/\/www.sideralrefrattari.it\/#organization"},"potentialAction":[{"@type":"SearchAction","target":{"@type":"EntryPoint","urlTemplate":"https:\/\/www.sideralrefrattari.it\/?s={search_term_string}"},"query-input":{"@type":"PropertyValueSpecification","valueRequired":true,"valueName":"search_term_string"}}],"inLanguage":"fr-FR"},{"@type":"Organization","@id":"https:\/\/www.sideralrefrattari.it\/#organization","name":"Sideral Refrattari","url":"https:\/\/www.sideralrefrattari.it\/","logo":{"@type":"ImageObject","inLanguage":"fr-FR","@id":"https:\/\/www.sideralrefrattari.it\/#\/schema\/logo\/image\/","url":"https:\/\/www.sideralrefrattari.it\/wp-content\/uploads\/2026\/03\/sideral_logo.png","contentUrl":"https:\/\/www.sideralrefrattari.it\/wp-content\/uploads\/2026\/03\/sideral_logo.png","width":370,"height":65,"caption":"Sideral Refrattari"},"image":{"@id":"https:\/\/www.sideralrefrattari.it\/#\/schema\/logo\/image\/"},"sameAs":["https:\/\/www.facebook.com\/pages\/Sideral-Refrattari-Srl\/251319765070849","https:\/\/www.linkedin.com\/profile\/view?id=188647305"]}]}},"_links":{"self":[{"href":"https:\/\/www.sideralrefrattari.it\/fr\/wp-json\/wp\/v2\/pages\/223","targetHints":{"allow":["GET"]}}],"collection":[{"href":"https:\/\/www.sideralrefrattari.it\/fr\/wp-json\/wp\/v2\/pages"}],"about":[{"href":"https:\/\/www.sideralrefrattari.it\/fr\/wp-json\/wp\/v2\/types\/page"}],"author":[{"embeddable":true,"href":"https:\/\/www.sideralrefrattari.it\/fr\/wp-json\/wp\/v2\/users\/1"}],"replies":[{"embeddable":true,"href":"https:\/\/www.sideralrefrattari.it\/fr\/wp-json\/wp\/v2\/comments?post=223"}],"version-history":[{"count":4,"href":"https:\/\/www.sideralrefrattari.it\/fr\/wp-json\/wp\/v2\/pages\/223\/revisions"}],"predecessor-version":[{"id":603,"href":"https:\/\/www.sideralrefrattari.it\/fr\/wp-json\/wp\/v2\/pages\/223\/revisions\/603"}],"wp:featuredmedia":[{"embeddable":true,"href":"https:\/\/www.sideralrefrattari.it\/fr\/wp-json\/wp\/v2\/media\/143"}],"wp:attachment":[{"href":"https:\/\/www.sideralrefrattari.it\/fr\/wp-json\/wp\/v2\/media?parent=223"}],"curies":[{"name":"wp","href":"https:\/\/api.w.org\/{rel}","templated":true}]}}