{"id":233,"date":"2015-03-31T16:49:17","date_gmt":"2015-03-31T14:49:17","guid":{"rendered":"https:\/\/www.sideralrefrattari.it\/?page_id=233"},"modified":"2015-05-13T19:46:42","modified_gmt":"2015-05-13T17:46:42","slug":"secteur-dapplication","status":"publish","type":"page","link":"https:\/\/www.sideralrefrattari.it\/fr\/secteur-dapplication\/","title":{"rendered":"Secteurs de d\u00e9bouch\u00e9 de la fili\u00e8re"},"content":{"rendered":"<p>Les produits r\u00e9alis\u00e9s par <strong>Sideral<\/strong> font partie de la cha\u00eene de la sous-traitance du march\u00e9 sid\u00e9rurgique destin\u00e9e \u00e0 diff\u00e9rents secteurs tels que l&rsquo;industrie m\u00e9canique, navale, a\u00e9ronautique, p\u00e9trochimique et \u00e9nerg\u00e9tique.<\/p>\n","protected":false},"excerpt":{"rendered":"<p>Les produits r\u00e9alis\u00e9s par Sideral font partie de la cha\u00eene de la sous-traitance du march\u00e9 sid\u00e9rurgique destin\u00e9e \u00e0 diff\u00e9rents secteurs tels que l&rsquo;industrie m\u00e9canique, navale, a\u00e9ronautique, p\u00e9trochimique et \u00e9nerg\u00e9tique.<\/p>\n","protected":false},"author":1,"featured_media":191,"parent":0,"menu_order":0,"comment_status":"open","ping_status":"open","template":"page-template-sectors.php","meta":{"footnotes":""},"class_list":["post-233","page","type-page","status-publish","has-post-thumbnail","hentry"],"yoast_head":"<!-- This site is optimized with the Yoast SEO plugin v27.5 - https:\/\/yoast.com\/product\/yoast-seo-wordpress\/ -->\n<title>Secteurs de d\u00e9bouch\u00e9 de la fili\u00e8re - Sideral Refrattari<\/title>\n<meta name=\"robots\" content=\"index, follow, max-snippet:-1, max-image-preview:large, max-video-preview:-1\" \/>\n<link rel=\"canonical\" href=\"https:\/\/www.sideralrefrattari.it\/fr\/secteur-dapplication\/\" \/>\n<meta property=\"og:locale\" content=\"fr_FR\" \/>\n<meta property=\"og:type\" content=\"article\" \/>\n<meta property=\"og:title\" content=\"Secteurs de d\u00e9bouch\u00e9 de la fili\u00e8re - Sideral Refrattari\" \/>\n<meta property=\"og:description\" content=\"Les produits r\u00e9alis\u00e9s par Sideral font partie de la cha\u00eene de la sous-traitance du march\u00e9 sid\u00e9rurgique destin\u00e9e \u00e0 diff\u00e9rents secteurs tels que l&rsquo;industrie m\u00e9canique, navale, a\u00e9ronautique, p\u00e9trochimique et \u00e9nerg\u00e9tique.\" \/>\n<meta property=\"og:url\" content=\"https:\/\/www.sideralrefrattari.it\/fr\/secteur-dapplication\/\" \/>\n<meta property=\"og:site_name\" content=\"Sideral Refrattari\" \/>\n<meta property=\"article:publisher\" content=\"https:\/\/www.facebook.com\/pages\/Sideral-Refrattari-Srl\/251319765070849\" \/>\n<meta property=\"article:modified_time\" content=\"2015-05-13T17:46:42+00:00\" \/>\n<meta property=\"og:image\" content=\"https:\/\/www.sideralrefrattari.it\/wp-content\/uploads\/2015\/03\/sectors_header_img.jpg\" \/>\n\t<meta property=\"og:image:width\" content=\"2240\" \/>\n\t<meta property=\"og:image:height\" content=\"700\" \/>\n\t<meta property=\"og:image:type\" content=\"image\/jpeg\" \/>\n<script type=\"application\/ld+json\" class=\"yoast-schema-graph\">{\"@context\":\"https:\\\/\\\/schema.org\",\"@graph\":[{\"@type\":\"WebPage\",\"@id\":\"https:\\\/\\\/www.sideralrefrattari.it\\\/fr\\\/secteur-dapplication\\\/\",\"url\":\"https:\\\/\\\/www.sideralrefrattari.it\\\/fr\\\/secteur-dapplication\\\/\",\"name\":\"Secteurs de d\u00e9bouch\u00e9 de la fili\u00e8re - Sideral Refrattari\",\"isPartOf\":{\"@id\":\"https:\\\/\\\/www.sideralrefrattari.it\\\/#website\"},\"primaryImageOfPage\":{\"@id\":\"https:\\\/\\\/www.sideralrefrattari.it\\\/fr\\\/secteur-dapplication\\\/#primaryimage\"},\"image\":{\"@id\":\"https:\\\/\\\/www.sideralrefrattari.it\\\/fr\\\/secteur-dapplication\\\/#primaryimage\"},\"thumbnailUrl\":\"https:\\\/\\\/www.sideralrefrattari.it\\\/wp-content\\\/uploads\\\/2015\\\/03\\\/sectors_header_img.jpg\",\"datePublished\":\"2015-03-31T14:49:17+00:00\",\"dateModified\":\"2015-05-13T17:46:42+00:00\",\"breadcrumb\":{\"@id\":\"https:\\\/\\\/www.sideralrefrattari.it\\\/fr\\\/secteur-dapplication\\\/#breadcrumb\"},\"inLanguage\":\"fr-FR\",\"potentialAction\":[{\"@type\":\"ReadAction\",\"target\":[\"https:\\\/\\\/www.sideralrefrattari.it\\\/fr\\\/secteur-dapplication\\\/\"]}]},{\"@type\":\"ImageObject\",\"inLanguage\":\"fr-FR\",\"@id\":\"https:\\\/\\\/www.sideralrefrattari.it\\\/fr\\\/secteur-dapplication\\\/#primaryimage\",\"url\":\"https:\\\/\\\/www.sideralrefrattari.it\\\/wp-content\\\/uploads\\\/2015\\\/03\\\/sectors_header_img.jpg\",\"contentUrl\":\"https:\\\/\\\/www.sideralrefrattari.it\\\/wp-content\\\/uploads\\\/2015\\\/03\\\/sectors_header_img.jpg\",\"width\":2240,\"height\":700},{\"@type\":\"BreadcrumbList\",\"@id\":\"https:\\\/\\\/www.sideralrefrattari.it\\\/fr\\\/secteur-dapplication\\\/#breadcrumb\",\"itemListElement\":[{\"@type\":\"ListItem\",\"position\":1,\"name\":\"Home\",\"item\":\"https:\\\/\\\/www.sideralrefrattari.it\\\/fr\\\/\"},{\"@type\":\"ListItem\",\"position\":2,\"name\":\"Secteurs de d\u00e9bouch\u00e9 de la fili\u00e8re\"}]},{\"@type\":\"WebSite\",\"@id\":\"https:\\\/\\\/www.sideralrefrattari.it\\\/#website\",\"url\":\"https:\\\/\\\/www.sideralrefrattari.it\\\/\",\"name\":\"Sideral Refrattari\",\"description\":\"Refrattari per l\u2019industria siderurgica\",\"publisher\":{\"@id\":\"https:\\\/\\\/www.sideralrefrattari.it\\\/#organization\"},\"potentialAction\":[{\"@type\":\"SearchAction\",\"target\":{\"@type\":\"EntryPoint\",\"urlTemplate\":\"https:\\\/\\\/www.sideralrefrattari.it\\\/?s={search_term_string}\"},\"query-input\":{\"@type\":\"PropertyValueSpecification\",\"valueRequired\":true,\"valueName\":\"search_term_string\"}}],\"inLanguage\":\"fr-FR\"},{\"@type\":\"Organization\",\"@id\":\"https:\\\/\\\/www.sideralrefrattari.it\\\/#organization\",\"name\":\"Sideral Refrattari\",\"url\":\"https:\\\/\\\/www.sideralrefrattari.it\\\/\",\"logo\":{\"@type\":\"ImageObject\",\"inLanguage\":\"fr-FR\",\"@id\":\"https:\\\/\\\/www.sideralrefrattari.it\\\/#\\\/schema\\\/logo\\\/image\\\/\",\"url\":\"https:\\\/\\\/www.sideralrefrattari.it\\\/wp-content\\\/uploads\\\/2026\\\/03\\\/sideral_logo.png\",\"contentUrl\":\"https:\\\/\\\/www.sideralrefrattari.it\\\/wp-content\\\/uploads\\\/2026\\\/03\\\/sideral_logo.png\",\"width\":370,\"height\":65,\"caption\":\"Sideral Refrattari\"},\"image\":{\"@id\":\"https:\\\/\\\/www.sideralrefrattari.it\\\/#\\\/schema\\\/logo\\\/image\\\/\"},\"sameAs\":[\"https:\\\/\\\/www.facebook.com\\\/pages\\\/Sideral-Refrattari-Srl\\\/251319765070849\",\"https:\\\/\\\/www.linkedin.com\\\/profile\\\/view?id=188647305\"]}]}<\/script>\n<!-- \/ Yoast SEO plugin. -->","yoast_head_json":{"title":"Secteurs de d\u00e9bouch\u00e9 de la fili\u00e8re - Sideral Refrattari","robots":{"index":"index","follow":"follow","max-snippet":"max-snippet:-1","max-image-preview":"max-image-preview:large","max-video-preview":"max-video-preview:-1"},"canonical":"https:\/\/www.sideralrefrattari.it\/fr\/secteur-dapplication\/","og_locale":"fr_FR","og_type":"article","og_title":"Secteurs de d\u00e9bouch\u00e9 de la fili\u00e8re - Sideral Refrattari","og_description":"Les produits r\u00e9alis\u00e9s par Sideral font partie de la cha\u00eene de la sous-traitance du march\u00e9 sid\u00e9rurgique destin\u00e9e \u00e0 diff\u00e9rents secteurs tels que l&rsquo;industrie m\u00e9canique, navale, a\u00e9ronautique, p\u00e9trochimique et \u00e9nerg\u00e9tique.","og_url":"https:\/\/www.sideralrefrattari.it\/fr\/secteur-dapplication\/","og_site_name":"Sideral Refrattari","article_publisher":"https:\/\/www.facebook.com\/pages\/Sideral-Refrattari-Srl\/251319765070849","article_modified_time":"2015-05-13T17:46:42+00:00","og_image":[{"width":2240,"height":700,"url":"https:\/\/www.sideralrefrattari.it\/wp-content\/uploads\/2015\/03\/sectors_header_img.jpg","type":"image\/jpeg"}],"schema":{"@context":"https:\/\/schema.org","@graph":[{"@type":"WebPage","@id":"https:\/\/www.sideralrefrattari.it\/fr\/secteur-dapplication\/","url":"https:\/\/www.sideralrefrattari.it\/fr\/secteur-dapplication\/","name":"Secteurs de d\u00e9bouch\u00e9 de la fili\u00e8re - Sideral Refrattari","isPartOf":{"@id":"https:\/\/www.sideralrefrattari.it\/#website"},"primaryImageOfPage":{"@id":"https:\/\/www.sideralrefrattari.it\/fr\/secteur-dapplication\/#primaryimage"},"image":{"@id":"https:\/\/www.sideralrefrattari.it\/fr\/secteur-dapplication\/#primaryimage"},"thumbnailUrl":"https:\/\/www.sideralrefrattari.it\/wp-content\/uploads\/2015\/03\/sectors_header_img.jpg","datePublished":"2015-03-31T14:49:17+00:00","dateModified":"2015-05-13T17:46:42+00:00","breadcrumb":{"@id":"https:\/\/www.sideralrefrattari.it\/fr\/secteur-dapplication\/#breadcrumb"},"inLanguage":"fr-FR","potentialAction":[{"@type":"ReadAction","target":["https:\/\/www.sideralrefrattari.it\/fr\/secteur-dapplication\/"]}]},{"@type":"ImageObject","inLanguage":"fr-FR","@id":"https:\/\/www.sideralrefrattari.it\/fr\/secteur-dapplication\/#primaryimage","url":"https:\/\/www.sideralrefrattari.it\/wp-content\/uploads\/2015\/03\/sectors_header_img.jpg","contentUrl":"https:\/\/www.sideralrefrattari.it\/wp-content\/uploads\/2015\/03\/sectors_header_img.jpg","width":2240,"height":700},{"@type":"BreadcrumbList","@id":"https:\/\/www.sideralrefrattari.it\/fr\/secteur-dapplication\/#breadcrumb","itemListElement":[{"@type":"ListItem","position":1,"name":"Home","item":"https:\/\/www.sideralrefrattari.it\/fr\/"},{"@type":"ListItem","position":2,"name":"Secteurs de d\u00e9bouch\u00e9 de la fili\u00e8re"}]},{"@type":"WebSite","@id":"https:\/\/www.sideralrefrattari.it\/#website","url":"https:\/\/www.sideralrefrattari.it\/","name":"Sideral Refrattari","description":"Refrattari per l\u2019industria siderurgica","publisher":{"@id":"https:\/\/www.sideralrefrattari.it\/#organization"},"potentialAction":[{"@type":"SearchAction","target":{"@type":"EntryPoint","urlTemplate":"https:\/\/www.sideralrefrattari.it\/?s={search_term_string}"},"query-input":{"@type":"PropertyValueSpecification","valueRequired":true,"valueName":"search_term_string"}}],"inLanguage":"fr-FR"},{"@type":"Organization","@id":"https:\/\/www.sideralrefrattari.it\/#organization","name":"Sideral Refrattari","url":"https:\/\/www.sideralrefrattari.it\/","logo":{"@type":"ImageObject","inLanguage":"fr-FR","@id":"https:\/\/www.sideralrefrattari.it\/#\/schema\/logo\/image\/","url":"https:\/\/www.sideralrefrattari.it\/wp-content\/uploads\/2026\/03\/sideral_logo.png","contentUrl":"https:\/\/www.sideralrefrattari.it\/wp-content\/uploads\/2026\/03\/sideral_logo.png","width":370,"height":65,"caption":"Sideral Refrattari"},"image":{"@id":"https:\/\/www.sideralrefrattari.it\/#\/schema\/logo\/image\/"},"sameAs":["https:\/\/www.facebook.com\/pages\/Sideral-Refrattari-Srl\/251319765070849","https:\/\/www.linkedin.com\/profile\/view?id=188647305"]}]}},"_links":{"self":[{"href":"https:\/\/www.sideralrefrattari.it\/fr\/wp-json\/wp\/v2\/pages\/233","targetHints":{"allow":["GET"]}}],"collection":[{"href":"https:\/\/www.sideralrefrattari.it\/fr\/wp-json\/wp\/v2\/pages"}],"about":[{"href":"https:\/\/www.sideralrefrattari.it\/fr\/wp-json\/wp\/v2\/types\/page"}],"author":[{"embeddable":true,"href":"https:\/\/www.sideralrefrattari.it\/fr\/wp-json\/wp\/v2\/users\/1"}],"replies":[{"embeddable":true,"href":"https:\/\/www.sideralrefrattari.it\/fr\/wp-json\/wp\/v2\/comments?post=233"}],"version-history":[{"count":3,"href":"https:\/\/www.sideralrefrattari.it\/fr\/wp-json\/wp\/v2\/pages\/233\/revisions"}],"predecessor-version":[{"id":598,"href":"https:\/\/www.sideralrefrattari.it\/fr\/wp-json\/wp\/v2\/pages\/233\/revisions\/598"}],"wp:featuredmedia":[{"embeddable":true,"href":"https:\/\/www.sideralrefrattari.it\/fr\/wp-json\/wp\/v2\/media\/191"}],"wp:attachment":[{"href":"https:\/\/www.sideralrefrattari.it\/fr\/wp-json\/wp\/v2\/media?parent=233"}],"curies":[{"name":"wp","href":"https:\/\/api.w.org\/{rel}","templated":true}]}}