{"id":75,"date":"2015-03-26T18:06:36","date_gmt":"2015-03-26T17:06:36","guid":{"rendered":"https:\/\/www.sideralrefrattari.it\/?page_id=75"},"modified":"2015-05-13T19:27:52","modified_gmt":"2015-05-13T17:27:52","slug":"entreprise","status":"publish","type":"page","link":"https:\/\/www.sideralrefrattari.it\/fr\/entreprise\/","title":{"rendered":"Entreprise"},"content":{"rendered":"<p><strong>Sideral Refrattari<\/strong>\u00a0est une entreprise fond\u00e9e en 2007\u00a0<strong>sp\u00e9cialis\u00e9e dans la production de r\u00e9fractaires pour <\/strong><strong>coul\u00e9e en source<\/strong>. Tr\u00e8s rapidement, la start-up des premi\u00e8res ann\u00e9es est devenue une entreprise qui s&rsquo;est impos\u00e9e, d\u00e9crochant des parts de march\u00e9 importantes tant sur le plan national qu&rsquo;international.\u00a0<strong>Sideral<\/strong>\u00a0 fonde toute son activit\u00e9 sur une recherche permanente du meilleur niveau de qualit\u00e9 <strong>de service<\/strong>, consolidant sa vocation de partenaire fiable pour les producteurs de lingots pour forgeage. L&rsquo;attention accord\u00e9e aux exigences de chacun des clients se traduit par une <strong>production flexible<\/strong> offrant des solutions rapides et ponctuelles \u00e0 des demandes sp\u00e9cifiques. La validation du processus de production et la confirmation de commandes de la part de ses partenaires sont les indicateurs les plus importants d&rsquo;une <strong>qualit\u00e9 indiscutable<\/strong>.<\/p>\n","protected":false},"excerpt":{"rendered":"<p>Sideral Refrattari\u00a0est une entreprise fond\u00e9e en 2007\u00a0sp\u00e9cialis\u00e9e dans la production de r\u00e9fractaires pour coul\u00e9e en source. Tr\u00e8s rapidement, la start-up des premi\u00e8res ann\u00e9es est devenue une entreprise qui s&rsquo;est impos\u00e9e, d\u00e9crochant des parts de march\u00e9 importantes tant sur le plan national qu&rsquo;international.\u00a0Sideral\u00a0 fonde toute son activit\u00e9 sur une recherche permanente du meilleur niveau de qualit\u00e9 [&hellip;]<\/p>\n","protected":false},"author":1,"featured_media":343,"parent":0,"menu_order":0,"comment_status":"open","ping_status":"open","template":"page-template-company.php","meta":{"footnotes":""},"class_list":["post-75","page","type-page","status-publish","has-post-thumbnail","hentry"],"yoast_head":"<!-- This site is optimized with the Yoast SEO plugin v27.3 - https:\/\/yoast.com\/product\/yoast-seo-wordpress\/ -->\n<title>Entreprise - Sideral Refrattari<\/title>\n<meta name=\"robots\" content=\"index, follow, max-snippet:-1, max-image-preview:large, max-video-preview:-1\" \/>\n<link rel=\"canonical\" href=\"https:\/\/www.sideralrefrattari.it\/fr\/entreprise\/\" \/>\n<meta property=\"og:locale\" content=\"fr_FR\" \/>\n<meta property=\"og:type\" content=\"article\" \/>\n<meta property=\"og:title\" content=\"Entreprise - Sideral Refrattari\" \/>\n<meta property=\"og:description\" content=\"Sideral Refrattari\u00a0est une entreprise fond\u00e9e en 2007\u00a0sp\u00e9cialis\u00e9e dans la production de r\u00e9fractaires pour coul\u00e9e en source. Tr\u00e8s rapidement, la start-up des premi\u00e8res ann\u00e9es est devenue une entreprise qui s&rsquo;est impos\u00e9e, d\u00e9crochant des parts de march\u00e9 importantes tant sur le plan national qu&rsquo;international.\u00a0Sideral\u00a0 fonde toute son activit\u00e9 sur une recherche permanente du meilleur niveau de qualit\u00e9 [&hellip;]\" \/>\n<meta property=\"og:url\" content=\"https:\/\/www.sideralrefrattari.it\/fr\/entreprise\/\" \/>\n<meta property=\"og:site_name\" content=\"Sideral Refrattari\" \/>\n<meta property=\"article:publisher\" content=\"https:\/\/www.facebook.com\/pages\/Sideral-Refrattari-Srl\/251319765070849\" \/>\n<meta property=\"article:modified_time\" content=\"2015-05-13T17:27:52+00:00\" \/>\n<meta property=\"og:image\" content=\"https:\/\/www.sideralrefrattari.it\/wp-content\/uploads\/2015\/03\/products_header_img1.png\" \/>\n\t<meta property=\"og:image:width\" content=\"2240\" \/>\n\t<meta property=\"og:image:height\" content=\"630\" \/>\n\t<meta property=\"og:image:type\" content=\"image\/png\" \/>\n<meta name=\"twitter:label1\" content=\"Dur\u00e9e de lecture estim\u00e9e\" \/>\n\t<meta name=\"twitter:data1\" content=\"1 minute\" \/>\n<script type=\"application\/ld+json\" class=\"yoast-schema-graph\">{\"@context\":\"https:\\\/\\\/schema.org\",\"@graph\":[{\"@type\":\"WebPage\",\"@id\":\"https:\\\/\\\/www.sideralrefrattari.it\\\/fr\\\/entreprise\\\/\",\"url\":\"https:\\\/\\\/www.sideralrefrattari.it\\\/fr\\\/entreprise\\\/\",\"name\":\"Entreprise - Sideral Refrattari\",\"isPartOf\":{\"@id\":\"https:\\\/\\\/www.sideralrefrattari.it\\\/#website\"},\"primaryImageOfPage\":{\"@id\":\"https:\\\/\\\/www.sideralrefrattari.it\\\/fr\\\/entreprise\\\/#primaryimage\"},\"image\":{\"@id\":\"https:\\\/\\\/www.sideralrefrattari.it\\\/fr\\\/entreprise\\\/#primaryimage\"},\"thumbnailUrl\":\"https:\\\/\\\/www.sideralrefrattari.it\\\/wp-content\\\/uploads\\\/2015\\\/03\\\/products_header_img1.png\",\"datePublished\":\"2015-03-26T17:06:36+00:00\",\"dateModified\":\"2015-05-13T17:27:52+00:00\",\"breadcrumb\":{\"@id\":\"https:\\\/\\\/www.sideralrefrattari.it\\\/fr\\\/entreprise\\\/#breadcrumb\"},\"inLanguage\":\"fr-FR\",\"potentialAction\":[{\"@type\":\"ReadAction\",\"target\":[\"https:\\\/\\\/www.sideralrefrattari.it\\\/fr\\\/entreprise\\\/\"]}]},{\"@type\":\"ImageObject\",\"inLanguage\":\"fr-FR\",\"@id\":\"https:\\\/\\\/www.sideralrefrattari.it\\\/fr\\\/entreprise\\\/#primaryimage\",\"url\":\"https:\\\/\\\/www.sideralrefrattari.it\\\/wp-content\\\/uploads\\\/2015\\\/03\\\/products_header_img1.png\",\"contentUrl\":\"https:\\\/\\\/www.sideralrefrattari.it\\\/wp-content\\\/uploads\\\/2015\\\/03\\\/products_header_img1.png\",\"width\":2240,\"height\":630},{\"@type\":\"BreadcrumbList\",\"@id\":\"https:\\\/\\\/www.sideralrefrattari.it\\\/fr\\\/entreprise\\\/#breadcrumb\",\"itemListElement\":[{\"@type\":\"ListItem\",\"position\":1,\"name\":\"Home\",\"item\":\"https:\\\/\\\/www.sideralrefrattari.it\\\/fr\\\/\"},{\"@type\":\"ListItem\",\"position\":2,\"name\":\"Entreprise\"}]},{\"@type\":\"WebSite\",\"@id\":\"https:\\\/\\\/www.sideralrefrattari.it\\\/#website\",\"url\":\"https:\\\/\\\/www.sideralrefrattari.it\\\/\",\"name\":\"Sideral Refrattari\",\"description\":\"Refrattari per l\u2019industria siderurgica\",\"publisher\":{\"@id\":\"https:\\\/\\\/www.sideralrefrattari.it\\\/#organization\"},\"potentialAction\":[{\"@type\":\"SearchAction\",\"target\":{\"@type\":\"EntryPoint\",\"urlTemplate\":\"https:\\\/\\\/www.sideralrefrattari.it\\\/?s={search_term_string}\"},\"query-input\":{\"@type\":\"PropertyValueSpecification\",\"valueRequired\":true,\"valueName\":\"search_term_string\"}}],\"inLanguage\":\"fr-FR\"},{\"@type\":\"Organization\",\"@id\":\"https:\\\/\\\/www.sideralrefrattari.it\\\/#organization\",\"name\":\"Sideral Refrattari\",\"url\":\"https:\\\/\\\/www.sideralrefrattari.it\\\/\",\"logo\":{\"@type\":\"ImageObject\",\"inLanguage\":\"fr-FR\",\"@id\":\"https:\\\/\\\/www.sideralrefrattari.it\\\/#\\\/schema\\\/logo\\\/image\\\/\",\"url\":\"https:\\\/\\\/www.sideralrefrattari.it\\\/wp-content\\\/uploads\\\/2026\\\/03\\\/sideral_logo.png\",\"contentUrl\":\"https:\\\/\\\/www.sideralrefrattari.it\\\/wp-content\\\/uploads\\\/2026\\\/03\\\/sideral_logo.png\",\"width\":370,\"height\":65,\"caption\":\"Sideral Refrattari\"},\"image\":{\"@id\":\"https:\\\/\\\/www.sideralrefrattari.it\\\/#\\\/schema\\\/logo\\\/image\\\/\"},\"sameAs\":[\"https:\\\/\\\/www.facebook.com\\\/pages\\\/Sideral-Refrattari-Srl\\\/251319765070849\",\"https:\\\/\\\/www.linkedin.com\\\/profile\\\/view?id=188647305\"]}]}<\/script>\n<!-- \/ Yoast SEO plugin. -->","yoast_head_json":{"title":"Entreprise - Sideral Refrattari","robots":{"index":"index","follow":"follow","max-snippet":"max-snippet:-1","max-image-preview":"max-image-preview:large","max-video-preview":"max-video-preview:-1"},"canonical":"https:\/\/www.sideralrefrattari.it\/fr\/entreprise\/","og_locale":"fr_FR","og_type":"article","og_title":"Entreprise - Sideral Refrattari","og_description":"Sideral Refrattari\u00a0est une entreprise fond\u00e9e en 2007\u00a0sp\u00e9cialis\u00e9e dans la production de r\u00e9fractaires pour coul\u00e9e en source. Tr\u00e8s rapidement, la start-up des premi\u00e8res ann\u00e9es est devenue une entreprise qui s&rsquo;est impos\u00e9e, d\u00e9crochant des parts de march\u00e9 importantes tant sur le plan national qu&rsquo;international.\u00a0Sideral\u00a0 fonde toute son activit\u00e9 sur une recherche permanente du meilleur niveau de qualit\u00e9 [&hellip;]","og_url":"https:\/\/www.sideralrefrattari.it\/fr\/entreprise\/","og_site_name":"Sideral Refrattari","article_publisher":"https:\/\/www.facebook.com\/pages\/Sideral-Refrattari-Srl\/251319765070849","article_modified_time":"2015-05-13T17:27:52+00:00","og_image":[{"width":2240,"height":630,"url":"https:\/\/www.sideralrefrattari.it\/wp-content\/uploads\/2015\/03\/products_header_img1.png","type":"image\/png"}],"twitter_misc":{"Dur\u00e9e de lecture estim\u00e9e":"1 minute"},"schema":{"@context":"https:\/\/schema.org","@graph":[{"@type":"WebPage","@id":"https:\/\/www.sideralrefrattari.it\/fr\/entreprise\/","url":"https:\/\/www.sideralrefrattari.it\/fr\/entreprise\/","name":"Entreprise - Sideral Refrattari","isPartOf":{"@id":"https:\/\/www.sideralrefrattari.it\/#website"},"primaryImageOfPage":{"@id":"https:\/\/www.sideralrefrattari.it\/fr\/entreprise\/#primaryimage"},"image":{"@id":"https:\/\/www.sideralrefrattari.it\/fr\/entreprise\/#primaryimage"},"thumbnailUrl":"https:\/\/www.sideralrefrattari.it\/wp-content\/uploads\/2015\/03\/products_header_img1.png","datePublished":"2015-03-26T17:06:36+00:00","dateModified":"2015-05-13T17:27:52+00:00","breadcrumb":{"@id":"https:\/\/www.sideralrefrattari.it\/fr\/entreprise\/#breadcrumb"},"inLanguage":"fr-FR","potentialAction":[{"@type":"ReadAction","target":["https:\/\/www.sideralrefrattari.it\/fr\/entreprise\/"]}]},{"@type":"ImageObject","inLanguage":"fr-FR","@id":"https:\/\/www.sideralrefrattari.it\/fr\/entreprise\/#primaryimage","url":"https:\/\/www.sideralrefrattari.it\/wp-content\/uploads\/2015\/03\/products_header_img1.png","contentUrl":"https:\/\/www.sideralrefrattari.it\/wp-content\/uploads\/2015\/03\/products_header_img1.png","width":2240,"height":630},{"@type":"BreadcrumbList","@id":"https:\/\/www.sideralrefrattari.it\/fr\/entreprise\/#breadcrumb","itemListElement":[{"@type":"ListItem","position":1,"name":"Home","item":"https:\/\/www.sideralrefrattari.it\/fr\/"},{"@type":"ListItem","position":2,"name":"Entreprise"}]},{"@type":"WebSite","@id":"https:\/\/www.sideralrefrattari.it\/#website","url":"https:\/\/www.sideralrefrattari.it\/","name":"Sideral Refrattari","description":"Refrattari per l\u2019industria siderurgica","publisher":{"@id":"https:\/\/www.sideralrefrattari.it\/#organization"},"potentialAction":[{"@type":"SearchAction","target":{"@type":"EntryPoint","urlTemplate":"https:\/\/www.sideralrefrattari.it\/?s={search_term_string}"},"query-input":{"@type":"PropertyValueSpecification","valueRequired":true,"valueName":"search_term_string"}}],"inLanguage":"fr-FR"},{"@type":"Organization","@id":"https:\/\/www.sideralrefrattari.it\/#organization","name":"Sideral Refrattari","url":"https:\/\/www.sideralrefrattari.it\/","logo":{"@type":"ImageObject","inLanguage":"fr-FR","@id":"https:\/\/www.sideralrefrattari.it\/#\/schema\/logo\/image\/","url":"https:\/\/www.sideralrefrattari.it\/wp-content\/uploads\/2026\/03\/sideral_logo.png","contentUrl":"https:\/\/www.sideralrefrattari.it\/wp-content\/uploads\/2026\/03\/sideral_logo.png","width":370,"height":65,"caption":"Sideral Refrattari"},"image":{"@id":"https:\/\/www.sideralrefrattari.it\/#\/schema\/logo\/image\/"},"sameAs":["https:\/\/www.facebook.com\/pages\/Sideral-Refrattari-Srl\/251319765070849","https:\/\/www.linkedin.com\/profile\/view?id=188647305"]}]}},"_links":{"self":[{"href":"https:\/\/www.sideralrefrattari.it\/fr\/wp-json\/wp\/v2\/pages\/75","targetHints":{"allow":["GET"]}}],"collection":[{"href":"https:\/\/www.sideralrefrattari.it\/fr\/wp-json\/wp\/v2\/pages"}],"about":[{"href":"https:\/\/www.sideralrefrattari.it\/fr\/wp-json\/wp\/v2\/types\/page"}],"author":[{"embeddable":true,"href":"https:\/\/www.sideralrefrattari.it\/fr\/wp-json\/wp\/v2\/users\/1"}],"replies":[{"embeddable":true,"href":"https:\/\/www.sideralrefrattari.it\/fr\/wp-json\/wp\/v2\/comments?post=75"}],"version-history":[{"count":7,"href":"https:\/\/www.sideralrefrattari.it\/fr\/wp-json\/wp\/v2\/pages\/75\/revisions"}],"predecessor-version":[{"id":575,"href":"https:\/\/www.sideralrefrattari.it\/fr\/wp-json\/wp\/v2\/pages\/75\/revisions\/575"}],"wp:featuredmedia":[{"embeddable":true,"href":"https:\/\/www.sideralrefrattari.it\/fr\/wp-json\/wp\/v2\/media\/343"}],"wp:attachment":[{"href":"https:\/\/www.sideralrefrattari.it\/fr\/wp-json\/wp\/v2\/media?parent=75"}],"curies":[{"name":"wp","href":"https:\/\/api.w.org\/{rel}","templated":true}]}}